{"id":11,"date":"2021-03-01T09:45:28","date_gmt":"2021-03-01T09:45:28","guid":{"rendered":"http:\/\/chaincorp.com\/?page_id=11"},"modified":"2021-03-16T09:17:37","modified_gmt":"2021-03-16T09:17:37","slug":"investment-strategy","status":"publish","type":"page","link":"https:\/\/www.chaincorp.com\/es\/investment-strategy\/","title":{"rendered":"Estrategia de Inversi\u00f3n"},"content":{"rendered":"<p><span style=\"font-weight: 400;\">Chaincorp invierte de forma diversificada en Activos Inmobiliarios, (TMT) Telecomunicaciones, Medios de Comunicaci\u00f3n, Tecnolog\u00eda, Energ\u00edas Renovables, Start-Ups y en Mercados Financieros<\/span><\/p>\n<p><span style=\"font-weight: 400;\">Chaincorp Family Office\u00a0<\/span><span style=\"font-weight: 400;\">gestiona las inversiones de los socios, accionistas, en los \u00e1mbitos de inversi\u00f3n, que \u00e9stos definen.<\/span><\/p>\n<p><span style=\"font-weight: 400;\">Los principales \u00f3rganos de gobierno del grupo son los siguientes:<\/span><\/p>","protected":false},"excerpt":{"rendered":"<p>Chaincorp invierte de forma diversificada en Activos Inmobiliarios, (TMT) Telecomunicaciones, Medios de Comunicaci\u00f3n, Tecnolog\u00eda, Energ\u00edas Renovables, Start-Ups y en Mercados Financieros Chaincorp Family Office\u00a0gestiona las inversiones de los socios, accionistas, en los \u00e1mbitos de inversi\u00f3n, que \u00e9stos definen. Los principales \u00f3rganos de gobierno del grupo son los siguientes:<\/p>\n","protected":false},"author":1,"featured_media":0,"parent":0,"menu_order":0,"comment_status":"closed","ping_status":"closed","template":"investment-strategy.php","meta":{"_acf_changed":false,"footnotes":""},"class_list":["post-11","page","type-page","status-publish","hentry"],"acf":[],"yoast_head":"<!-- This site is optimized with the Yoast SEO plugin v26.8 - https:\/\/yoast.com\/product\/yoast-seo-wordpress\/ -->\n<title>Estrategia de Inversi\u00f3n - Chaincorp<\/title>\n<meta name=\"robots\" content=\"index, follow, max-snippet:-1, max-image-preview:large, max-video-preview:-1\" \/>\n<link rel=\"canonical\" href=\"https:\/\/www.chaincorp.com\/investment-strategy\/\" \/>\n<meta property=\"og:locale\" content=\"es_ES\" \/>\n<meta property=\"og:type\" content=\"article\" \/>\n<meta property=\"og:title\" content=\"[:en]Investment Strategy[:es]Estrategia de Inversi\u00f3n[:] - Chaincorp\" \/>\n<meta property=\"og:description\" content=\"Chaincorp invierte de forma diversificada en Activos Inmobiliarios, (TMT) Telecomunicaciones, Medios de Comunicaci\u00f3n, Tecnolog\u00eda, Energ\u00edas Renovables, Start-Ups y en Mercados Financieros Chaincorp Family Office\u00a0gestiona las inversiones de los socios, accionistas, en los \u00e1mbitos de inversi\u00f3n, que \u00e9stos definen. Los principales \u00f3rganos de gobierno del grupo son los siguientes:\" \/>\n<meta property=\"og:url\" content=\"https:\/\/www.chaincorp.com\/investment-strategy\/\" \/>\n<meta property=\"og:site_name\" content=\"Chaincorp\" \/>\n<meta property=\"article:modified_time\" content=\"2021-03-16T09:17:37+00:00\" \/>\n<meta name=\"twitter:card\" content=\"summary_large_image\" \/>\n<meta name=\"twitter:label1\" content=\"Tiempo de lectura\" \/>\n\t<meta name=\"twitter:data1\" content=\"1 minuto\" \/>\n<script type=\"application\/ld+json\" class=\"yoast-schema-graph\">{\"@context\":\"https:\/\/schema.org\",\"@graph\":[{\"@type\":\"WebPage\",\"@id\":\"https:\/\/www.chaincorp.com\/investment-strategy\/\",\"url\":\"https:\/\/www.chaincorp.com\/investment-strategy\/\",\"name\":\"[:en]Investment Strategy[:es]Estrategia de Inversi\u00f3n[:] - Chaincorp\",\"isPartOf\":{\"@id\":\"https:\/\/www.chaincorp.com\/#website\"},\"datePublished\":\"2021-03-01T09:45:28+00:00\",\"dateModified\":\"2021-03-16T09:17:37+00:00\",\"breadcrumb\":{\"@id\":\"https:\/\/www.chaincorp.com\/investment-strategy\/#breadcrumb\"},\"inLanguage\":\"es\",\"potentialAction\":[{\"@type\":\"ReadAction\",\"target\":[\"https:\/\/www.chaincorp.com\/investment-strategy\/\"]}]},{\"@type\":\"BreadcrumbList\",\"@id\":\"https:\/\/www.chaincorp.com\/investment-strategy\/#breadcrumb\",\"itemListElement\":[{\"@type\":\"ListItem\",\"position\":1,\"name\":\"Home\",\"item\":\"https:\/\/www.chaincorp.com\/\"},{\"@type\":\"ListItem\",\"position\":2,\"name\":\"Investment Strategy\"}]},{\"@type\":\"WebSite\",\"@id\":\"https:\/\/www.chaincorp.com\/#website\",\"url\":\"https:\/\/www.chaincorp.com\/\",\"name\":\"Chaincorp\",\"description\":\"Family Office\",\"potentialAction\":[{\"@type\":\"SearchAction\",\"target\":{\"@type\":\"EntryPoint\",\"urlTemplate\":\"https:\/\/www.chaincorp.com\/?s={search_term_string}\"},\"query-input\":{\"@type\":\"PropertyValueSpecification\",\"valueRequired\":true,\"valueName\":\"search_term_string\"}}],\"inLanguage\":\"es\"}]}<\/script>\n<!-- \/ Yoast SEO plugin. -->","yoast_head_json":{"title":"[:en]Investment Strategy[:es]Estrategia de Inversi\u00f3n[:] - Chaincorp","robots":{"index":"index","follow":"follow","max-snippet":"max-snippet:-1","max-image-preview":"max-image-preview:large","max-video-preview":"max-video-preview:-1"},"canonical":"https:\/\/www.chaincorp.com\/investment-strategy\/","og_locale":"es_ES","og_type":"article","og_title":"[:en]Investment Strategy[:es]Estrategia de Inversi\u00f3n[:] - Chaincorp","og_description":"Chaincorp invierte de forma diversificada en Activos Inmobiliarios, (TMT) Telecomunicaciones, Medios de Comunicaci\u00f3n, Tecnolog\u00eda, Energ\u00edas Renovables, Start-Ups y en Mercados Financieros Chaincorp Family Office\u00a0gestiona las inversiones de los socios, accionistas, en los \u00e1mbitos de inversi\u00f3n, que \u00e9stos definen. Los principales \u00f3rganos de gobierno del grupo son los siguientes:","og_url":"https:\/\/www.chaincorp.com\/investment-strategy\/","og_site_name":"Chaincorp","article_modified_time":"2021-03-16T09:17:37+00:00","twitter_card":"summary_large_image","twitter_misc":{"Tiempo de lectura":"1 minuto"},"schema":{"@context":"https:\/\/schema.org","@graph":[{"@type":"WebPage","@id":"https:\/\/www.chaincorp.com\/investment-strategy\/","url":"https:\/\/www.chaincorp.com\/investment-strategy\/","name":"[:en]Investment Strategy[:es]Estrategia de Inversi\u00f3n[:] - Chaincorp","isPartOf":{"@id":"https:\/\/www.chaincorp.com\/#website"},"datePublished":"2021-03-01T09:45:28+00:00","dateModified":"2021-03-16T09:17:37+00:00","breadcrumb":{"@id":"https:\/\/www.chaincorp.com\/investment-strategy\/#breadcrumb"},"inLanguage":"es","potentialAction":[{"@type":"ReadAction","target":["https:\/\/www.chaincorp.com\/investment-strategy\/"]}]},{"@type":"BreadcrumbList","@id":"https:\/\/www.chaincorp.com\/investment-strategy\/#breadcrumb","itemListElement":[{"@type":"ListItem","position":1,"name":"Home","item":"https:\/\/www.chaincorp.com\/"},{"@type":"ListItem","position":2,"name":"Investment Strategy"}]},{"@type":"WebSite","@id":"https:\/\/www.chaincorp.com\/#website","url":"https:\/\/www.chaincorp.com\/","name":"Chaincorp","description":"Family Office","potentialAction":[{"@type":"SearchAction","target":{"@type":"EntryPoint","urlTemplate":"https:\/\/www.chaincorp.com\/?s={search_term_string}"},"query-input":{"@type":"PropertyValueSpecification","valueRequired":true,"valueName":"search_term_string"}}],"inLanguage":"es"}]}},"_links":{"self":[{"href":"https:\/\/www.chaincorp.com\/es\/wp-json\/wp\/v2\/pages\/11","targetHints":{"allow":["GET"]}}],"collection":[{"href":"https:\/\/www.chaincorp.com\/es\/wp-json\/wp\/v2\/pages"}],"about":[{"href":"https:\/\/www.chaincorp.com\/es\/wp-json\/wp\/v2\/types\/page"}],"author":[{"embeddable":true,"href":"https:\/\/www.chaincorp.com\/es\/wp-json\/wp\/v2\/users\/1"}],"replies":[{"embeddable":true,"href":"https:\/\/www.chaincorp.com\/es\/wp-json\/wp\/v2\/comments?post=11"}],"version-history":[{"count":11,"href":"https:\/\/www.chaincorp.com\/es\/wp-json\/wp\/v2\/pages\/11\/revisions"}],"predecessor-version":[{"id":376,"href":"https:\/\/www.chaincorp.com\/es\/wp-json\/wp\/v2\/pages\/11\/revisions\/376"}],"wp:attachment":[{"href":"https:\/\/www.chaincorp.com\/es\/wp-json\/wp\/v2\/media?parent=11"}],"curies":[{"name":"wp","href":"https:\/\/api.w.org\/{rel}","templated":true}]}}