{"id":15,"date":"2021-03-01T09:45:54","date_gmt":"2021-03-01T09:45:54","guid":{"rendered":"http:\/\/chaincorp.com\/?page_id=15"},"modified":"2021-04-05T08:01:39","modified_gmt":"2021-04-05T08:01:39","slug":"financial-markets-investments","status":"publish","type":"page","link":"https:\/\/www.chaincorp.com\/es\/financial-markets-investments\/","title":{"rendered":"Inversi\u00f3n en Mercados Financieros"},"content":{"rendered":"<p>La filosof\u00eda de inversi\u00f3n de Chaincorp se centra en la rentabilidad absoluta, que adopta un enfoque conservador pero sin sacrificar las ganancias de capital. Nuestros principios fundamentales de gesti\u00f3n son: Crecimiento a medio y largo plazo, Simplicidad, Diversificaci\u00f3n y una clara definici\u00f3n y comprensi\u00f3n de los riesgos que asumimos.<\/p>\n<p>Nuestra selecci\u00f3n de Inversiones en Mercados Financieros se basa en la construcci\u00f3n de una cartera simple, l\u00edquida y transparente, que entendemos en su totalidad y cuyos resultados podemos anticipar en funci\u00f3n de la direcci\u00f3n de los mercados:<\/p>\n<div class=\"financial-listing\">\n<ul class=\"list-unstyled\">\n<li>Priorizamos la compra de activos directos (acciones, bonos) sobre los fondos de inversi\u00f3n.<\/li>\n<li>En inversiones de capital, buscamos empresas s\u00f3lidas con grado de inversi\u00f3n con gran capitalizaci\u00f3n, un EBITDA s\u00f3lido, un gran capital flotante y fundamentos s\u00f3lidos.<\/li>\n<li>Estamos atentos en la construcci\u00f3n de nuestro portafolio de renta fija, especialmente en la calidad de los emisores.<\/li>\n<li>A la hora de invertir en aquellos activos que tienen caracter\u00edsticas especiales tienen que ser: high yield, convertibles, commodities, renta variable emergente y \/ o renta fija emergente.<\/li>\n<\/ul>\n<\/div>\n<p><\/p>","protected":false},"excerpt":{"rendered":"<p>La filosof\u00eda de inversi\u00f3n de Chaincorp se centra en la rentabilidad absoluta, que adopta un enfoque conservador pero sin sacrificar las ganancias de capital. Nuestros principios fundamentales de gesti\u00f3n son: Crecimiento a medio y largo plazo, Simplicidad, Diversificaci\u00f3n y una clara definici\u00f3n y comprensi\u00f3n de los riesgos que asumimos. Nuestra selecci\u00f3n de Inversiones en Mercados Financieros se basa en la [&hellip;]<\/p>\n","protected":false},"author":1,"featured_media":42,"parent":0,"menu_order":0,"comment_status":"closed","ping_status":"closed","template":"financial.php","meta":{"_acf_changed":false,"footnotes":""},"class_list":["post-15","page","type-page","status-publish","has-post-thumbnail","hentry"],"acf":[],"yoast_head":"<!-- This site is optimized with the Yoast SEO plugin v26.8 - https:\/\/yoast.com\/product\/yoast-seo-wordpress\/ -->\n<title>Inversi\u00f3n en Mercados Financieros - Chaincorp<\/title>\n<meta name=\"robots\" content=\"index, follow, max-snippet:-1, max-image-preview:large, max-video-preview:-1\" \/>\n<link rel=\"canonical\" href=\"https:\/\/www.chaincorp.com\/financial-markets-investments\/\" \/>\n<meta property=\"og:locale\" content=\"es_ES\" \/>\n<meta property=\"og:type\" content=\"article\" \/>\n<meta property=\"og:title\" content=\"[:en]Financial Markets Investments[:es]Inversi\u00f3n en Mercados Financieros[:] - Chaincorp\" \/>\n<meta property=\"og:description\" content=\"La filosof\u00eda de inversi\u00f3n de Chaincorp se centra en la rentabilidad absoluta, que adopta un enfoque conservador pero sin sacrificar las ganancias de capital. Nuestros principios fundamentales de gesti\u00f3n son: Crecimiento a medio y largo plazo, Simplicidad, Diversificaci\u00f3n y una clara definici\u00f3n y comprensi\u00f3n de los riesgos que asumimos. Nuestra selecci\u00f3n de Inversiones en Mercados Financieros se basa en la [&hellip;]\" \/>\n<meta property=\"og:url\" content=\"https:\/\/www.chaincorp.com\/financial-markets-investments\/\" \/>\n<meta property=\"og:site_name\" content=\"Chaincorp\" \/>\n<meta property=\"article:modified_time\" content=\"2021-04-05T08:01:39+00:00\" \/>\n<meta property=\"og:image\" content=\"https:\/\/www.chaincorp.com\/wp-content\/uploads\/2021\/03\/financial-img.png\" \/>\n\t<meta property=\"og:image:width\" content=\"771\" \/>\n\t<meta property=\"og:image:height\" content=\"1052\" \/>\n\t<meta property=\"og:image:type\" content=\"image\/png\" \/>\n<meta name=\"twitter:card\" content=\"summary_large_image\" \/>\n<meta name=\"twitter:label1\" content=\"Tiempo de lectura\" \/>\n\t<meta name=\"twitter:data1\" content=\"2 minutos\" \/>\n<script type=\"application\/ld+json\" class=\"yoast-schema-graph\">{\"@context\":\"https:\/\/schema.org\",\"@graph\":[{\"@type\":\"WebPage\",\"@id\":\"https:\/\/www.chaincorp.com\/financial-markets-investments\/\",\"url\":\"https:\/\/www.chaincorp.com\/financial-markets-investments\/\",\"name\":\"[:en]Financial Markets Investments[:es]Inversi\u00f3n en Mercados Financieros[:] - Chaincorp\",\"isPartOf\":{\"@id\":\"https:\/\/www.chaincorp.com\/#website\"},\"primaryImageOfPage\":{\"@id\":\"https:\/\/www.chaincorp.com\/financial-markets-investments\/#primaryimage\"},\"image\":{\"@id\":\"https:\/\/www.chaincorp.com\/financial-markets-investments\/#primaryimage\"},\"thumbnailUrl\":\"https:\/\/www.chaincorp.com\/wp-content\/uploads\/2021\/03\/financial-img.png\",\"datePublished\":\"2021-03-01T09:45:54+00:00\",\"dateModified\":\"2021-04-05T08:01:39+00:00\",\"breadcrumb\":{\"@id\":\"https:\/\/www.chaincorp.com\/financial-markets-investments\/#breadcrumb\"},\"inLanguage\":\"es\",\"potentialAction\":[{\"@type\":\"ReadAction\",\"target\":[\"https:\/\/www.chaincorp.com\/financial-markets-investments\/\"]}]},{\"@type\":\"ImageObject\",\"inLanguage\":\"es\",\"@id\":\"https:\/\/www.chaincorp.com\/financial-markets-investments\/#primaryimage\",\"url\":\"https:\/\/www.chaincorp.com\/wp-content\/uploads\/2021\/03\/financial-img.png\",\"contentUrl\":\"https:\/\/www.chaincorp.com\/wp-content\/uploads\/2021\/03\/financial-img.png\",\"width\":771,\"height\":1052},{\"@type\":\"BreadcrumbList\",\"@id\":\"https:\/\/www.chaincorp.com\/financial-markets-investments\/#breadcrumb\",\"itemListElement\":[{\"@type\":\"ListItem\",\"position\":1,\"name\":\"Home\",\"item\":\"https:\/\/www.chaincorp.com\/\"},{\"@type\":\"ListItem\",\"position\":2,\"name\":\"Financial Markets Investments\"}]},{\"@type\":\"WebSite\",\"@id\":\"https:\/\/www.chaincorp.com\/#website\",\"url\":\"https:\/\/www.chaincorp.com\/\",\"name\":\"Chaincorp\",\"description\":\"Family Office\",\"potentialAction\":[{\"@type\":\"SearchAction\",\"target\":{\"@type\":\"EntryPoint\",\"urlTemplate\":\"https:\/\/www.chaincorp.com\/?s={search_term_string}\"},\"query-input\":{\"@type\":\"PropertyValueSpecification\",\"valueRequired\":true,\"valueName\":\"search_term_string\"}}],\"inLanguage\":\"es\"}]}<\/script>\n<!-- \/ Yoast SEO plugin. -->","yoast_head_json":{"title":"[:en]Financial Markets Investments[:es]Inversi\u00f3n en Mercados Financieros[:] - Chaincorp","robots":{"index":"index","follow":"follow","max-snippet":"max-snippet:-1","max-image-preview":"max-image-preview:large","max-video-preview":"max-video-preview:-1"},"canonical":"https:\/\/www.chaincorp.com\/financial-markets-investments\/","og_locale":"es_ES","og_type":"article","og_title":"[:en]Financial Markets Investments[:es]Inversi\u00f3n en Mercados Financieros[:] - Chaincorp","og_description":"La filosof\u00eda de inversi\u00f3n de Chaincorp se centra en la rentabilidad absoluta, que adopta un enfoque conservador pero sin sacrificar las ganancias de capital. Nuestros principios fundamentales de gesti\u00f3n son: Crecimiento a medio y largo plazo, Simplicidad, Diversificaci\u00f3n y una clara definici\u00f3n y comprensi\u00f3n de los riesgos que asumimos. Nuestra selecci\u00f3n de Inversiones en Mercados Financieros se basa en la [&hellip;]","og_url":"https:\/\/www.chaincorp.com\/financial-markets-investments\/","og_site_name":"Chaincorp","article_modified_time":"2021-04-05T08:01:39+00:00","og_image":[{"width":771,"height":1052,"url":"https:\/\/www.chaincorp.com\/wp-content\/uploads\/2021\/03\/financial-img.png","type":"image\/png"}],"twitter_card":"summary_large_image","twitter_misc":{"Tiempo de lectura":"2 minutos"},"schema":{"@context":"https:\/\/schema.org","@graph":[{"@type":"WebPage","@id":"https:\/\/www.chaincorp.com\/financial-markets-investments\/","url":"https:\/\/www.chaincorp.com\/financial-markets-investments\/","name":"[:en]Financial Markets Investments[:es]Inversi\u00f3n en Mercados Financieros[:] - Chaincorp","isPartOf":{"@id":"https:\/\/www.chaincorp.com\/#website"},"primaryImageOfPage":{"@id":"https:\/\/www.chaincorp.com\/financial-markets-investments\/#primaryimage"},"image":{"@id":"https:\/\/www.chaincorp.com\/financial-markets-investments\/#primaryimage"},"thumbnailUrl":"https:\/\/www.chaincorp.com\/wp-content\/uploads\/2021\/03\/financial-img.png","datePublished":"2021-03-01T09:45:54+00:00","dateModified":"2021-04-05T08:01:39+00:00","breadcrumb":{"@id":"https:\/\/www.chaincorp.com\/financial-markets-investments\/#breadcrumb"},"inLanguage":"es","potentialAction":[{"@type":"ReadAction","target":["https:\/\/www.chaincorp.com\/financial-markets-investments\/"]}]},{"@type":"ImageObject","inLanguage":"es","@id":"https:\/\/www.chaincorp.com\/financial-markets-investments\/#primaryimage","url":"https:\/\/www.chaincorp.com\/wp-content\/uploads\/2021\/03\/financial-img.png","contentUrl":"https:\/\/www.chaincorp.com\/wp-content\/uploads\/2021\/03\/financial-img.png","width":771,"height":1052},{"@type":"BreadcrumbList","@id":"https:\/\/www.chaincorp.com\/financial-markets-investments\/#breadcrumb","itemListElement":[{"@type":"ListItem","position":1,"name":"Home","item":"https:\/\/www.chaincorp.com\/"},{"@type":"ListItem","position":2,"name":"Financial Markets Investments"}]},{"@type":"WebSite","@id":"https:\/\/www.chaincorp.com\/#website","url":"https:\/\/www.chaincorp.com\/","name":"Chaincorp","description":"Family Office","potentialAction":[{"@type":"SearchAction","target":{"@type":"EntryPoint","urlTemplate":"https:\/\/www.chaincorp.com\/?s={search_term_string}"},"query-input":{"@type":"PropertyValueSpecification","valueRequired":true,"valueName":"search_term_string"}}],"inLanguage":"es"}]}},"_links":{"self":[{"href":"https:\/\/www.chaincorp.com\/es\/wp-json\/wp\/v2\/pages\/15","targetHints":{"allow":["GET"]}}],"collection":[{"href":"https:\/\/www.chaincorp.com\/es\/wp-json\/wp\/v2\/pages"}],"about":[{"href":"https:\/\/www.chaincorp.com\/es\/wp-json\/wp\/v2\/types\/page"}],"author":[{"embeddable":true,"href":"https:\/\/www.chaincorp.com\/es\/wp-json\/wp\/v2\/users\/1"}],"replies":[{"embeddable":true,"href":"https:\/\/www.chaincorp.com\/es\/wp-json\/wp\/v2\/comments?post=15"}],"version-history":[{"count":17,"href":"https:\/\/www.chaincorp.com\/es\/wp-json\/wp\/v2\/pages\/15\/revisions"}],"predecessor-version":[{"id":402,"href":"https:\/\/www.chaincorp.com\/es\/wp-json\/wp\/v2\/pages\/15\/revisions\/402"}],"wp:featuredmedia":[{"embeddable":true,"href":"https:\/\/www.chaincorp.com\/es\/wp-json\/wp\/v2\/media\/42"}],"wp:attachment":[{"href":"https:\/\/www.chaincorp.com\/es\/wp-json\/wp\/v2\/media?parent=15"}],"curies":[{"name":"wp","href":"https:\/\/api.w.org\/{rel}","templated":true}]}}