{"id":17,"date":"2021-03-01T09:46:01","date_gmt":"2021-03-01T09:46:01","guid":{"rendered":"http:\/\/chaincorp.com\/?page_id=17"},"modified":"2021-04-12T11:33:03","modified_gmt":"2021-04-12T11:33:03","slug":"careers","status":"publish","type":"page","link":"https:\/\/www.chaincorp.com\/es\/careers\/","title":{"rendered":"Trabaja con Nosotros"},"content":{"rendered":"<p><\/p>\n<h2>\u00a1Chaincorp est\u00e1 contratando!<\/h2>\n<p>          En Chaincorp, ofrecemos una amplia gama de oportunidades laborales, desde graduados universitarios hasta profesionales con m\u00faltiples a\u00f1os de experiencia. Valoramos la diversidad y la pasi\u00f3n a nivel individual. Nos dedicamos a crear un entorno en el que las personas puedan ser aut\u00e9nticas y compartir sus propios or\u00edgenes, experiencias, perspectivas e ideas.<\/p>\n<p>Si tiene inter\u00e9s y \/ o experiencia relevante con Family Offices, Inmobiliaria, Mercado de Capitales, Operaciones y Finanzas, nos gustar\u00eda que nos contactes. Chaincorp ofrece flexibilidad de horario y teletrabajo.<\/p>\n<p>Env\u00ede su CV a continuaci\u00f3n con su informaci\u00f3n de contacto relevante:<\/p>\n<p><div class=\"wpforms-container wpforms-container-full\" id=\"wpforms-437\"><form id=\"wpforms-form-437\" class=\"wpforms-validate wpforms-form\" data-formid=\"437\" method=\"post\" enctype=\"multipart\/form-data\" action=\"\/es\/wp-json\/wp\/v2\/pages\/17?wpforms_form_id=437\"><noscript class=\"wpforms-error-noscript\">Por favor, activa JavaScript en tu navegador para completar este formulario.<\/noscript><div class=\"wpforms-field-container\"><div id=\"wpforms-437-field_1-container\" class=\"wpforms-field wpforms-field-name\" data-field-id=\"1\"><label class=\"wpforms-field-label wpforms-label-hide\" for=\"wpforms-437-field_1\">Nombre <span class=\"wpforms-required-label\">*<\/span><\/label><div class=\"wpforms-field-row wpforms-field-large\"><div class=\"wpforms-field-row-block wpforms-first wpforms-one-half\"><input type=\"text\" id=\"wpforms-437-field_1\" class=\"wpforms-field-name-first wpforms-field-required\" name=\"wpforms[fields][1][first]\" placeholder=\"Nombre\" required><label for=\"wpforms-437-field_1\" class=\"wpforms-field-sublabel after wpforms-sublabel-hide\">Nombre<\/label><\/div><div class=\"wpforms-field-row-block wpforms-one-half\"><input type=\"text\" id=\"wpforms-437-field_1-last\" class=\"wpforms-field-name-last wpforms-field-required\" name=\"wpforms[fields][1][last]\" placeholder=\"Apellido\" required><label for=\"wpforms-437-field_1-last\" class=\"wpforms-field-sublabel after wpforms-sublabel-hide\">Apellidos<\/label><\/div><\/div><\/div><div id=\"wpforms-437-field_2-container\" class=\"wpforms-field wpforms-field-phone wpforms-one-half wpforms-first\" data-field-id=\"2\"><label class=\"wpforms-field-label wpforms-label-hide\" for=\"wpforms-437-field_2\">Tel\u00e9fono <span class=\"wpforms-required-label\">*<\/span><\/label><input type=\"tel\" id=\"wpforms-437-field_2\" class=\"wpforms-field-large wpforms-field-required wpforms-smart-phone-field\" data-rule-smart-phone-field=\"true\" name=\"wpforms[fields][2]\" placeholder=\"Tel\u00e9fono\" required><\/div><div id=\"wpforms-437-field_3-container\" class=\"wpforms-field wpforms-field-email wpforms-one-half\" data-field-id=\"3\"><label class=\"wpforms-field-label wpforms-label-hide\" for=\"wpforms-437-field_3\">Correo Electr\u00f3nico <span class=\"wpforms-required-label\">*<\/span><\/label><input type=\"email\" id=\"wpforms-437-field_3\" class=\"wpforms-field-large wpforms-field-required\" name=\"wpforms[fields][3]\" placeholder=\"Correo Electr\u00f3nico\" required><\/div><div id=\"wpforms-437-field_4-container\" class=\"wpforms-field wpforms-field-address\" data-field-id=\"4\"><label class=\"wpforms-field-label\" for=\"wpforms-437-field_4\">Direcci\u00f3n <span class=\"wpforms-required-label\">*<\/span><\/label><div class=\"wpforms-field-row wpforms-field-large\"><div ><input type=\"text\" id=\"wpforms-437-field_4\" class=\"wpforms-field-address-address1 wpforms-field-required\" name=\"wpforms[fields][4][address1]\" placeholder=\"Calle\" required><label for=\"wpforms-437-field_4\" class=\"wpforms-field-sublabel after wpforms-sublabel-hide\">Direcci\u00f3n (l\u00ednea 1)<\/label><\/div><\/div><div class=\"wpforms-field-row wpforms-field-large\"><div class=\"wpforms-field-row-block wpforms-one-half wpforms-first\"><input type=\"text\" id=\"wpforms-437-field_4-city\" class=\"wpforms-field-address-city wpforms-field-required\" name=\"wpforms[fields][4][city]\" placeholder=\"Ciudad\" required><label for=\"wpforms-437-field_4-city\" class=\"wpforms-field-sublabel after wpforms-sublabel-hide\">Ciudad<\/label><\/div><div class=\"wpforms-field-row-block wpforms-one-half\"><input type=\"text\" id=\"wpforms-437-field_4-state\" class=\"wpforms-field-address-state wpforms-field-required\" name=\"wpforms[fields][4][state]\" placeholder=\"Provincia\" required><label for=\"wpforms-437-field_4-state\" class=\"wpforms-field-sublabel after wpforms-sublabel-hide\">Estado \/ Provincia \/ Regi\u00f3n<\/label><\/div><\/div><div class=\"wpforms-field-row wpforms-field-large\"><div class=\"wpforms-field-row-block wpforms-one-half wpforms-first\"><input type=\"text\" id=\"wpforms-437-field_4-postal\" class=\"wpforms-field-address-postal wpforms-field-required\" name=\"wpforms[fields][4][postal]\" placeholder=\"C\u00f3digo Postal\" required><label for=\"wpforms-437-field_4-postal\" class=\"wpforms-field-sublabel after wpforms-sublabel-hide\">C\u00f3digo postal<\/label><\/div><div class=\"wpforms-field-row-block wpforms-one-half\"><select id=\"wpforms-437-field_4-country\" class=\"wpforms-field-address-country wpforms-field-required\" name=\"wpforms[fields][4][country]\" placeholder=\"Pa\u00eds\" required><option class=\"placeholder\" value=\"\" selected disabled>Pa\u00eds<\/option><option value=\"AF\" >Afganist\u00e1n<\/option><option value=\"AX\" >Islas \u00c5land<\/option><option value=\"AL\" >Albania<\/option><option value=\"DZ\" >Argelia<\/option><option value=\"AS\" >Samoa Americana<\/option><option value=\"AD\" >Andorra<\/option><option value=\"AO\" >Angola<\/option><option value=\"AI\" >Anguila<\/option><option value=\"AQ\" >Ant\u00e1rtica<\/option><option value=\"AG\" >Antigua y Barbuda<\/option><option value=\"AR\" >Argentina<\/option><option value=\"AM\" >Armenia<\/option><option value=\"AW\" >Aruba<\/option><option value=\"AU\" >Australia<\/option><option value=\"AT\" >Austria<\/option><option value=\"AZ\" >Azerbaiy\u00e1n<\/option><option value=\"BS\" >Bahamas<\/option><option value=\"BH\" >Bar\u00e9in<\/option><option value=\"BD\" >Bangladesh<\/option><option value=\"BB\" >Barbados<\/option><option value=\"BY\" >Bielorrusia<\/option><option value=\"BE\" >B\u00e9lgica<\/option><option value=\"BZ\" >Belize<\/option><option value=\"BJ\" >Ben\u00edn<\/option><option value=\"BM\" >Bermudas<\/option><option value=\"BT\" >But\u00e1n<\/option><option value=\"BO\" >Bolivia (Estado Plurinacional de)<\/option><option value=\"BA\" >Bosnia y Herzegovina<\/option><option value=\"BW\" >Botsuana<\/option><option value=\"BV\" >Isla Bouvet<\/option><option value=\"BR\" >Brasil<\/option><option value=\"IO\" >Territorio Brit\u00e1nico del Oc\u00e9ano \u00cdndico<\/option><option value=\"BN\" >Brunei Darussalam<\/option><option value=\"BG\" >Bulgaria<\/option><option value=\"BF\" >Burkina Faso<\/option><option value=\"BI\" >Burundi<\/option><option value=\"CV\" >Cabo Verde<\/option><option value=\"KH\" >Camboya<\/option><option value=\"CM\" >Camer\u00fan<\/option><option value=\"CA\" >Canad\u00e1<\/option><option value=\"KY\" >Islas Caim\u00e1n<\/option><option value=\"CF\" >Rep\u00fablica Central de \u00c1frica<\/option><option value=\"TD\" >Chad<\/option><option value=\"CL\" >Chile<\/option><option value=\"CN\" >China<\/option><option value=\"CX\" >Isla de Navidad<\/option><option value=\"CC\" >Islas Cocos<\/option><option value=\"CO\" >Colombia<\/option><option value=\"KM\" >Comoras<\/option><option value=\"CG\" >Congo<\/option><option value=\"CD\" >Congo (Rep\u00fablica Democr\u00e1tica del)<\/option><option value=\"CK\" >Islas Cook<\/option><option value=\"CR\" >Costa Rica<\/option><option value=\"CI\" >Costa de Marfil<\/option><option value=\"HR\" >Croacia<\/option><option value=\"CU\" >Cuba<\/option><option value=\"CW\" >Curazao<\/option><option value=\"CY\" >Chipre<\/option><option value=\"CZ\" >Rep\u00fablica Checa<\/option><option value=\"DK\" >Dinamarca<\/option><option value=\"DJ\" >Yibuti<\/option><option value=\"DM\" >Dominica<\/option><option value=\"DO\" >Rep\u00fablica Dominicana<\/option><option value=\"EC\" >Ecuador<\/option><option value=\"EG\" >Egipto<\/option><option value=\"SV\" >El Salvador<\/option><option value=\"GQ\" >Guinea Ecuatorial<\/option><option value=\"ER\" >Eritrea<\/option><option value=\"EE\" >Estonia<\/option><option value=\"ET\" >Etiop\u00eda<\/option><option value=\"FK\" >Islas Malvinas (Falkland)<\/option><option value=\"FO\" >Islas Faroe<\/option><option value=\"FJ\" >Fiji<\/option><option value=\"FI\" >Finlandia<\/option><option value=\"FR\" >Francia<\/option><option value=\"GF\" >Guayana Francesa<\/option><option value=\"PF\" >Polinesia Francesa<\/option><option value=\"TF\" >Tierras Australes y Ant\u00e1rticas Francesas<\/option><option value=\"GA\" >Gab\u00f3n<\/option><option value=\"GM\" >Gambia<\/option><option value=\"GE\" >Georgia<\/option><option value=\"DE\" >Alemania<\/option><option value=\"GH\" >Ghana<\/option><option value=\"GI\" >Gibraltar<\/option><option value=\"GR\" >Grecia<\/option><option value=\"GL\" >Groenlandia<\/option><option value=\"GD\" >Granada<\/option><option value=\"GP\" >Guadalupe<\/option><option value=\"GU\" >Guam<\/option><option value=\"GT\" >Guatemala<\/option><option value=\"GG\" >Guernsey<\/option><option value=\"GN\" >Guinea<\/option><option value=\"GW\" >Guinea-Bis\u00e1u<\/option><option value=\"GY\" >Guyana<\/option><option value=\"HT\" >Hait\u00ed<\/option><option value=\"HM\" >Islas Heard y McDonald<\/option><option value=\"HN\" >Honduras<\/option><option value=\"HK\" >Hong Kong<\/option><option value=\"HU\" >Hungr\u00eda<\/option><option value=\"IS\" >Islandia<\/option><option value=\"IN\" >India<\/option><option value=\"ID\" >Indonesia<\/option><option value=\"IR\" >Ir\u00e1n (Rep\u00fablica Isl\u00e1mica de)<\/option><option value=\"IQ\" >Iraq<\/option><option value=\"IE\" >Irlanda (Rep\u00fablica de)<\/option><option value=\"IM\" >Isla de Man<\/option><option value=\"IL\" >Israel<\/option><option value=\"IT\" >Italia<\/option><option value=\"JM\" >Jamaica<\/option><option value=\"JP\" >Jap\u00f3n<\/option><option value=\"JE\" >Jersey<\/option><option value=\"JO\" >Jordania<\/option><option value=\"KZ\" >Kazajist\u00e1n<\/option><option value=\"KE\" >Kenia<\/option><option value=\"KI\" >Kiribati<\/option><option value=\"KP\" >Corea del Norte<\/option><option value=\"KR\" >Corea (Rep\u00fablica de)<\/option><option value=\"KW\" >Kuwait<\/option><option value=\"KG\" >Kirguist\u00e1n<\/option><option value=\"LA\" >Rep\u00fablica Popular Democr\u00e1tica de Laos<\/option><option value=\"LV\" >Letonia<\/option><option value=\"LB\" >L\u00edbano<\/option><option value=\"LS\" >Lesoto<\/option><option value=\"LR\" >Liberia<\/option><option value=\"LY\" >Libia<\/option><option value=\"LI\" >Liechtenstein<\/option><option value=\"LT\" >Lituania<\/option><option value=\"LU\" >Luxemburgo<\/option><option value=\"MO\" >Macao<\/option><option value=\"MK\" >Macedonia (Republic of)<\/option><option value=\"MG\" >Madagascar<\/option><option value=\"MW\" >Malaui<\/option><option value=\"MY\" >Malasia<\/option><option value=\"MV\" >Maldivas<\/option><option value=\"ML\" >Mali<\/option><option value=\"MT\" >Malta<\/option><option value=\"MH\" >Islas Marshall<\/option><option value=\"MQ\" >Martinica<\/option><option value=\"MR\" >Mauritania<\/option><option value=\"MU\" >Mauricio<\/option><option value=\"YT\" >Mayotte<\/option><option value=\"MX\" >M\u00e9xico<\/option><option value=\"FM\" >Micronesia (Estados Federados de)<\/option><option value=\"MD\" >Moldavia (Rep\u00fablica de)<\/option><option value=\"MC\" >M\u00f3naco<\/option><option value=\"MN\" >Mongolia<\/option><option value=\"ME\" >Montenegro<\/option><option value=\"MS\" >Montserrat<\/option><option value=\"MA\" >Marruecos<\/option><option value=\"MZ\" >Mozambique<\/option><option value=\"MM\" >Myanmar<\/option><option value=\"NA\" >Namibia<\/option><option value=\"NR\" >Nauru<\/option><option value=\"NP\" >Nepal<\/option><option value=\"NL\" >Pa\u00edses Bajos<\/option><option value=\"NC\" >Nueva Caledonia<\/option><option value=\"NZ\" >Nueva Zelanda<\/option><option value=\"NI\" >Nicaragua<\/option><option value=\"NE\" >N\u00edger<\/option><option value=\"NG\" >Nigeria<\/option><option value=\"NU\" >Niue<\/option><option value=\"NF\" >Isla Norfolk<\/option><option value=\"MP\" >Islas Marianas del Norte<\/option><option value=\"NO\" >Noruega<\/option><option value=\"OM\" >Om\u00e1n<\/option><option value=\"PK\" >Pakist\u00e1n<\/option><option value=\"PW\" >Palau<\/option><option value=\"PS\" >Palestina (Estado de)<\/option><option value=\"PA\" >Panam\u00e1<\/option><option value=\"PG\" >Pap\u00faa Nueva Guinea<\/option><option value=\"PY\" >Paraguay<\/option><option value=\"PE\" >Per\u00fa<\/option><option value=\"PH\" >Filipinas<\/option><option value=\"PN\" >Pitcairn<\/option><option value=\"PL\" >Polonia<\/option><option value=\"PT\" >Portugal<\/option><option value=\"PR\" >Puerto Rico<\/option><option value=\"QA\" >Katar<\/option><option value=\"RE\" >Reuni\u00f3n<\/option><option value=\"RO\" >Ruman\u00eda<\/option><option value=\"RU\" >Federaci\u00f3n Rusa<\/option><option value=\"RW\" >Ruanda<\/option><option value=\"BL\" >San Bartolom\u00e9<\/option><option value=\"SH\" >Santa Elena, Ascensi\u00f3n y Trist\u00e1n de Acu\u00f1a<\/option><option value=\"KN\" >Saint Kitts y Nevis<\/option><option value=\"LC\" >Santa Luc\u00eda<\/option><option value=\"MF\" >San Mart\u00edn (parte francesa)<\/option><option value=\"PM\" >San Pedro y Miquel\u00f3n<\/option><option value=\"VC\" >San Vicente y las Granadinas<\/option><option value=\"WS\" >Samoa<\/option><option value=\"SM\" >San Marino<\/option><option value=\"ST\" >Santo Tom\u00e9 y Pr\u00edncipe<\/option><option value=\"SA\" >Saud\u00ed Arabia<\/option><option value=\"SN\" >Senegal<\/option><option value=\"RS\" >Serbia<\/option><option value=\"SC\" >Seychelles<\/option><option value=\"SL\" >Sierra Leona<\/option><option value=\"SG\" >Singapur<\/option><option value=\"SX\" >San Mart\u00edn (parte holandesa)<\/option><option value=\"SK\" >Eslovaquia<\/option><option value=\"SI\" >Eslovenia<\/option><option value=\"SB\" >Islas Salom\u00f3n<\/option><option value=\"SO\" >Somalia<\/option><option value=\"ZA\" >Sud\u00e1frica<\/option><option value=\"GS\" >Islas del sur de Georgia y del sur de Sandwich<\/option><option value=\"SS\" >Sud\u00e1n del sur<\/option><option value=\"ES\" >Espa\u00f1a<\/option><option value=\"LK\" >Sri Lanka<\/option><option value=\"SD\" >Sud\u00e1n<\/option><option value=\"SR\" >Surinam<\/option><option value=\"SJ\" >Svalbard y Jan Mayen<\/option><option value=\"SZ\" >Swaziland<\/option><option value=\"SE\" >Suecia<\/option><option value=\"CH\" >Suiza<\/option><option value=\"SY\" >Rep\u00fablica \u00c1rabe Siria<\/option><option value=\"TW\" >Taiwan, Province of China<\/option><option value=\"TJ\" >Tayikist\u00e1n<\/option><option value=\"TZ\" >Tanzania (Rep\u00fablica Unida de)<\/option><option value=\"TH\" >Tailandia<\/option><option value=\"TL\" >Timor-Leste<\/option><option value=\"TG\" >Togo<\/option><option value=\"TK\" >Tokelau<\/option><option value=\"TO\" >Tonga<\/option><option value=\"TT\" >Trinidad y Tobago<\/option><option value=\"TN\" >T\u00fanez<\/option><option value=\"TR\" >Turkey<\/option><option value=\"TM\" >Turkmenist\u00e1n<\/option><option value=\"TC\" >Islas Turcas y Caicos<\/option><option value=\"TV\" >Tuvalu<\/option><option value=\"UG\" >Uganda<\/option><option value=\"UA\" >Ucrania<\/option><option value=\"AE\" >Emiratos \u00c1rabes Unidos<\/option><option value=\"GB\" >Reino Unido de Gran Breta\u00f1a e Irlanda del Norte<\/option><option value=\"US\" >Estados Unidos de America<\/option><option value=\"UM\" >Islas Ultramarinas Menores de Estados Unidos<\/option><option value=\"UY\" >Uruguay<\/option><option value=\"UZ\" >Uzbekist\u00e1n<\/option><option value=\"VU\" >Vanuatu<\/option><option value=\"VA\" >Estado de la Ciudad del Vaticano<\/option><option value=\"VE\" >Venezuela (Rep\u00fablica Bolivariana de)<\/option><option value=\"VN\" >Viet Nam<\/option><option value=\"VG\" >Islas V\u00edrgenes (brit\u00e1nicas)<\/option><option value=\"VI\" >Islas V\u00edrgenes (EE.UU.)<\/option><option value=\"WF\" >Wallis y Futuna<\/option><option value=\"EH\" >S\u00e1hara Occidental<\/option><option value=\"YE\" >Yemen<\/option><option value=\"ZM\" >Zambia<\/option><option value=\"ZW\" >Zimbabue<\/option><\/select><label for=\"wpforms-437-field_4-country\" class=\"wpforms-field-sublabel after wpforms-sublabel-hide\">Pa\u00eds<\/label><\/div><\/div><\/div><div id=\"wpforms-437-field_5-container\" class=\"wpforms-field wpforms-field-file-upload\" data-field-id=\"5\"><label class=\"wpforms-field-label\" for=\"wpforms-437-field_5\">A\u00f1ade tus archivos (Max 3MB)<\/label><input type=\"file\" id=\"wpforms-437-field_5\" data-rule-extension=\"jpg,jpeg,jpe,gif,png,bmp,tiff,tif,webp,avif,ico,heic,heif,heics,heifs,asf,asx,wmv,wmx,wm,avi,divx,mov,qt,mpeg,mpg,mpe,mp4,m4v,ogv,webm,mkv,3gp,3gpp,3g2,3gp2,txt,asc,c,cc,h,srt,csv,tsv,ics,rtx,css,vtt,mp3,m4a,m4b,aac,ra,ram,wav,ogg,oga,flac,mid,midi,wma,wax,mka,rtf,pdf,class,tar,zip,gz,gzip,rar,7z,psd,xcf,doc,pot,pps,ppt,wri,xla,xls,xlt,xlw,mpp,docx,docm,dotx,dotm,xlsx,xlsm,xlsb,xltx,xltm,xlam,pptx,pptm,ppsx,ppsm,potx,potm,ppam,sldx,sldm,onetoc,onetoc2,onepkg,oxps,xps,odt,odp,ods,odg,odc,odb,odf,wp,wpd,key,numbers,pages\" data-rule-maxsize=\"33554432\" name=\"wpforms_437_5\" accept=\".jpg,.jpeg,.jpe,.gif,.png,.bmp,.tiff,.tif,.webp,.avif,.ico,.heic,.heif,.heics,.heifs,.asf,.asx,.wmv,.wmx,.wm,.avi,.divx,.mov,.qt,.mpeg,.mpg,.mpe,.mp4,.m4v,.ogv,.webm,.mkv,.3gp,.3gpp,.3g2,.3gp2,.txt,.asc,.c,.cc,.h,.srt,.csv,.tsv,.ics,.rtx,.css,.vtt,.mp3,.m4a,.m4b,.aac,.ra,.ram,.wav,.ogg,.oga,.flac,.mid,.midi,.wma,.wax,.mka,.rtf,.pdf,.class,.tar,.zip,.gz,.gzip,.rar,.7z,.psd,.xcf,.doc,.pot,.pps,.ppt,.wri,.xla,.xls,.xlt,.xlw,.mpp,.docx,.docm,.dotx,.dotm,.xlsx,.xlsm,.xlsb,.xltx,.xltm,.xlam,.pptx,.pptm,.ppsx,.ppsm,.potx,.potm,.ppam,.sldx,.sldm,.onetoc,.onetoc2,.onepkg,.oxps,.xps,.odt,.odp,.ods,.odg,.odc,.odb,.odf,.wp,.wpd,.key,.numbers,.pages\" ><\/div><div id=\"wpforms-437-field_6-container\" class=\"wpforms-field wpforms-field-textarea\" data-field-id=\"6\"><label class=\"wpforms-field-label wpforms-label-hide\" for=\"wpforms-437-field_6\">Mensaje<\/label><textarea id=\"wpforms-437-field_6\" class=\"wpforms-field-small\" name=\"wpforms[fields][6]\" placeholder=\"Mensaje\" ><\/textarea><\/div><\/div><div class=\"wpforms-field wpforms-field-hp\"><label for=\"wpforms-437-field-hp\" class=\"wpforms-field-label\">Phone<\/label><input type=\"text\" name=\"wpforms[hp]\" id=\"wpforms-437-field-hp\" class=\"wpforms-field-medium\"><\/div><div class=\"wpforms-recaptcha-container\" ><div class=\"g-recaptcha\" data-sitekey=\"6Ld1I4ogAAAAACz1d_XClpQQBkeW5DHJJ5Z9ORt0\"><\/div><input type=\"text\" name=\"g-recaptcha-hidden\" class=\"wpforms-recaptcha-hidden\" style=\"position:absolute!important;clip:rect(0,0,0,0)!important;height:1px!important;width:1px!important;border:0!important;overflow:hidden!important;padding:0!important;margin:0!important;\" required><\/div><div class=\"wpforms-submit-container\" ><input type=\"hidden\" name=\"wpforms[id]\" value=\"437\"><input type=\"hidden\" name=\"wpforms[author]\" value=\"1\"><button type=\"submit\" name=\"wpforms[submit]\" class=\"wpforms-submit \" id=\"wpforms-submit-437\" value=\"wpforms-submit\" aria-live=\"assertive\" data-alt-text=\"Sending...\" data-submit-text=\"Enviar\">Enviar<\/button><\/div><\/form><\/div>  <!-- .wpforms-container --><\/p>","protected":false},"excerpt":{"rendered":"<p>\u00a1Chaincorp est\u00e1 contratando! En Chaincorp, ofrecemos una amplia gama de oportunidades laborales, desde graduados universitarios hasta profesionales con m\u00faltiples a\u00f1os de experiencia. Valoramos la diversidad y la pasi\u00f3n a nivel individual. Nos dedicamos a crear un entorno en el que las personas puedan ser aut\u00e9nticas y compartir sus propios or\u00edgenes, experiencias, perspectivas e ideas. Si tiene inter\u00e9s y \/ o [&hellip;]<\/p>\n","protected":false},"author":1,"featured_media":0,"parent":0,"menu_order":0,"comment_status":"closed","ping_status":"closed","template":"","meta":{"_acf_changed":false,"footnotes":""},"class_list":["post-17","page","type-page","status-publish","hentry"],"acf":[],"yoast_head":"<!-- This site is optimized with the Yoast SEO plugin v26.8 - https:\/\/yoast.com\/product\/yoast-seo-wordpress\/ -->\n<title>Trabaja con Nosotros - Chaincorp<\/title>\n<meta name=\"robots\" content=\"index, follow, max-snippet:-1, max-image-preview:large, max-video-preview:-1\" \/>\n<link rel=\"canonical\" href=\"https:\/\/www.chaincorp.com\/careers\/\" \/>\n<meta property=\"og:locale\" content=\"es_ES\" \/>\n<meta property=\"og:type\" content=\"article\" \/>\n<meta property=\"og:title\" content=\"[:en]Careers[:es]Trabaja con Nosotros[:] - Chaincorp\" \/>\n<meta property=\"og:description\" content=\"\u00a1Chaincorp est\u00e1 contratando! En Chaincorp, ofrecemos una amplia gama de oportunidades laborales, desde graduados universitarios hasta profesionales con m\u00faltiples a\u00f1os de experiencia. Valoramos la diversidad y la pasi\u00f3n a nivel individual. Nos dedicamos a crear un entorno en el que las personas puedan ser aut\u00e9nticas y compartir sus propios or\u00edgenes, experiencias, perspectivas e ideas. Si tiene inter\u00e9s y \/ o [&hellip;]\" \/>\n<meta property=\"og:url\" content=\"https:\/\/www.chaincorp.com\/careers\/\" \/>\n<meta property=\"og:site_name\" content=\"Chaincorp\" \/>\n<meta property=\"article:modified_time\" content=\"2021-04-12T11:33:03+00:00\" \/>\n<meta name=\"twitter:card\" content=\"summary_large_image\" \/>\n<meta name=\"twitter:label1\" content=\"Tiempo de lectura\" \/>\n\t<meta name=\"twitter:data1\" content=\"1 minuto\" \/>\n<script type=\"application\/ld+json\" class=\"yoast-schema-graph\">{\"@context\":\"https:\/\/schema.org\",\"@graph\":[{\"@type\":\"WebPage\",\"@id\":\"https:\/\/www.chaincorp.com\/careers\/\",\"url\":\"https:\/\/www.chaincorp.com\/careers\/\",\"name\":\"[:en]Careers[:es]Trabaja con Nosotros[:] - Chaincorp\",\"isPartOf\":{\"@id\":\"https:\/\/www.chaincorp.com\/#website\"},\"datePublished\":\"2021-03-01T09:46:01+00:00\",\"dateModified\":\"2021-04-12T11:33:03+00:00\",\"breadcrumb\":{\"@id\":\"https:\/\/www.chaincorp.com\/careers\/#breadcrumb\"},\"inLanguage\":\"es\",\"potentialAction\":[{\"@type\":\"ReadAction\",\"target\":[\"https:\/\/www.chaincorp.com\/careers\/\"]}]},{\"@type\":\"BreadcrumbList\",\"@id\":\"https:\/\/www.chaincorp.com\/careers\/#breadcrumb\",\"itemListElement\":[{\"@type\":\"ListItem\",\"position\":1,\"name\":\"Home\",\"item\":\"https:\/\/www.chaincorp.com\/\"},{\"@type\":\"ListItem\",\"position\":2,\"name\":\"Careers\"}]},{\"@type\":\"WebSite\",\"@id\":\"https:\/\/www.chaincorp.com\/#website\",\"url\":\"https:\/\/www.chaincorp.com\/\",\"name\":\"Chaincorp\",\"description\":\"Family Office\",\"potentialAction\":[{\"@type\":\"SearchAction\",\"target\":{\"@type\":\"EntryPoint\",\"urlTemplate\":\"https:\/\/www.chaincorp.com\/?s={search_term_string}\"},\"query-input\":{\"@type\":\"PropertyValueSpecification\",\"valueRequired\":true,\"valueName\":\"search_term_string\"}}],\"inLanguage\":\"es\"}]}<\/script>\n<!-- \/ Yoast SEO plugin. -->","yoast_head_json":{"title":"[:en]Careers[:es]Trabaja con Nosotros[:] - Chaincorp","robots":{"index":"index","follow":"follow","max-snippet":"max-snippet:-1","max-image-preview":"max-image-preview:large","max-video-preview":"max-video-preview:-1"},"canonical":"https:\/\/www.chaincorp.com\/careers\/","og_locale":"es_ES","og_type":"article","og_title":"[:en]Careers[:es]Trabaja con Nosotros[:] - Chaincorp","og_description":"\u00a1Chaincorp est\u00e1 contratando! En Chaincorp, ofrecemos una amplia gama de oportunidades laborales, desde graduados universitarios hasta profesionales con m\u00faltiples a\u00f1os de experiencia. Valoramos la diversidad y la pasi\u00f3n a nivel individual. Nos dedicamos a crear un entorno en el que las personas puedan ser aut\u00e9nticas y compartir sus propios or\u00edgenes, experiencias, perspectivas e ideas. Si tiene inter\u00e9s y \/ o [&hellip;]","og_url":"https:\/\/www.chaincorp.com\/careers\/","og_site_name":"Chaincorp","article_modified_time":"2021-04-12T11:33:03+00:00","twitter_card":"summary_large_image","twitter_misc":{"Tiempo de lectura":"1 minuto"},"schema":{"@context":"https:\/\/schema.org","@graph":[{"@type":"WebPage","@id":"https:\/\/www.chaincorp.com\/careers\/","url":"https:\/\/www.chaincorp.com\/careers\/","name":"[:en]Careers[:es]Trabaja con Nosotros[:] - Chaincorp","isPartOf":{"@id":"https:\/\/www.chaincorp.com\/#website"},"datePublished":"2021-03-01T09:46:01+00:00","dateModified":"2021-04-12T11:33:03+00:00","breadcrumb":{"@id":"https:\/\/www.chaincorp.com\/careers\/#breadcrumb"},"inLanguage":"es","potentialAction":[{"@type":"ReadAction","target":["https:\/\/www.chaincorp.com\/careers\/"]}]},{"@type":"BreadcrumbList","@id":"https:\/\/www.chaincorp.com\/careers\/#breadcrumb","itemListElement":[{"@type":"ListItem","position":1,"name":"Home","item":"https:\/\/www.chaincorp.com\/"},{"@type":"ListItem","position":2,"name":"Careers"}]},{"@type":"WebSite","@id":"https:\/\/www.chaincorp.com\/#website","url":"https:\/\/www.chaincorp.com\/","name":"Chaincorp","description":"Family Office","potentialAction":[{"@type":"SearchAction","target":{"@type":"EntryPoint","urlTemplate":"https:\/\/www.chaincorp.com\/?s={search_term_string}"},"query-input":{"@type":"PropertyValueSpecification","valueRequired":true,"valueName":"search_term_string"}}],"inLanguage":"es"}]}},"_links":{"self":[{"href":"https:\/\/www.chaincorp.com\/es\/wp-json\/wp\/v2\/pages\/17","targetHints":{"allow":["GET"]}}],"collection":[{"href":"https:\/\/www.chaincorp.com\/es\/wp-json\/wp\/v2\/pages"}],"about":[{"href":"https:\/\/www.chaincorp.com\/es\/wp-json\/wp\/v2\/types\/page"}],"author":[{"embeddable":true,"href":"https:\/\/www.chaincorp.com\/es\/wp-json\/wp\/v2\/users\/1"}],"replies":[{"embeddable":true,"href":"https:\/\/www.chaincorp.com\/es\/wp-json\/wp\/v2\/comments?post=17"}],"version-history":[{"count":10,"href":"https:\/\/www.chaincorp.com\/es\/wp-json\/wp\/v2\/pages\/17\/revisions"}],"predecessor-version":[{"id":441,"href":"https:\/\/www.chaincorp.com\/es\/wp-json\/wp\/v2\/pages\/17\/revisions\/441"}],"wp:attachment":[{"href":"https:\/\/www.chaincorp.com\/es\/wp-json\/wp\/v2\/media?parent=17"}],"curies":[{"name":"wp","href":"https:\/\/api.w.org\/{rel}","templated":true}]}}