{"id":19,"date":"2021-03-01T09:46:10","date_gmt":"2021-03-01T09:46:10","guid":{"rendered":"http:\/\/chaincorp.com\/?page_id=19"},"modified":"2021-04-15T13:18:52","modified_gmt":"2021-04-15T13:18:52","slug":"contact-us","status":"publish","type":"page","link":"https:\/\/www.chaincorp.com\/es\/contact-us\/","title":{"rendered":"Contacto"},"content":{"rendered":"<p>Utilice este formulario para ponerse en contacto con nosotros con respecto a:<\/p>\n<ul>\n<li>Cualquier consulta espec\u00edfica que pueda tener<\/li>\n<li>Si tiene alg\u00fan comentario sobre nuestra p\u00e1gina web<\/li>\n<li>Si est\u00e1 buscando un inversionista para su proyecto<\/li>\n<li>Si desea compartir con nosotros una propuesta comercial<\/li>\n<\/ul>\n<p><\/p>","protected":false},"excerpt":{"rendered":"<p>Utilice este formulario para ponerse en contacto con nosotros con respecto a: Cualquier consulta espec\u00edfica que pueda tener Si tiene alg\u00fan comentario sobre nuestra p\u00e1gina web Si est\u00e1 buscando un inversionista para su proyecto Si desea compartir con nosotros una propuesta comercial<\/p>\n","protected":false},"author":1,"featured_media":0,"parent":0,"menu_order":0,"comment_status":"closed","ping_status":"closed","template":"contact.php","meta":{"_acf_changed":false,"footnotes":""},"class_list":["post-19","page","type-page","status-publish","hentry"],"acf":[],"yoast_head":"<!-- This site is optimized with the Yoast SEO plugin v26.8 - https:\/\/yoast.com\/product\/yoast-seo-wordpress\/ -->\n<title>Contacto - Chaincorp<\/title>\n<meta name=\"robots\" content=\"index, follow, max-snippet:-1, max-image-preview:large, max-video-preview:-1\" \/>\n<link rel=\"canonical\" href=\"https:\/\/www.chaincorp.com\/contact-us\/\" \/>\n<meta property=\"og:locale\" content=\"es_ES\" \/>\n<meta property=\"og:type\" content=\"article\" \/>\n<meta property=\"og:title\" content=\"[:en]Contact Us[:es]Contacto[:] - Chaincorp\" \/>\n<meta property=\"og:description\" content=\"Utilice este formulario para ponerse en contacto con nosotros con respecto a: Cualquier consulta espec\u00edfica que pueda tener Si tiene alg\u00fan comentario sobre nuestra p\u00e1gina web Si est\u00e1 buscando un inversionista para su proyecto Si desea compartir con nosotros una propuesta comercial\" \/>\n<meta property=\"og:url\" content=\"https:\/\/www.chaincorp.com\/contact-us\/\" \/>\n<meta property=\"og:site_name\" content=\"Chaincorp\" \/>\n<meta property=\"article:modified_time\" content=\"2021-04-15T13:18:52+00:00\" \/>\n<meta name=\"twitter:card\" content=\"summary_large_image\" \/>\n<script type=\"application\/ld+json\" class=\"yoast-schema-graph\">{\"@context\":\"https:\/\/schema.org\",\"@graph\":[{\"@type\":\"WebPage\",\"@id\":\"https:\/\/www.chaincorp.com\/contact-us\/\",\"url\":\"https:\/\/www.chaincorp.com\/contact-us\/\",\"name\":\"[:en]Contact Us[:es]Contacto[:] - Chaincorp\",\"isPartOf\":{\"@id\":\"https:\/\/www.chaincorp.com\/#website\"},\"datePublished\":\"2021-03-01T09:46:10+00:00\",\"dateModified\":\"2021-04-15T13:18:52+00:00\",\"breadcrumb\":{\"@id\":\"https:\/\/www.chaincorp.com\/contact-us\/#breadcrumb\"},\"inLanguage\":\"es\",\"potentialAction\":[{\"@type\":\"ReadAction\",\"target\":[\"https:\/\/www.chaincorp.com\/contact-us\/\"]}]},{\"@type\":\"BreadcrumbList\",\"@id\":\"https:\/\/www.chaincorp.com\/contact-us\/#breadcrumb\",\"itemListElement\":[{\"@type\":\"ListItem\",\"position\":1,\"name\":\"Home\",\"item\":\"https:\/\/www.chaincorp.com\/\"},{\"@type\":\"ListItem\",\"position\":2,\"name\":\"Contact Us\"}]},{\"@type\":\"WebSite\",\"@id\":\"https:\/\/www.chaincorp.com\/#website\",\"url\":\"https:\/\/www.chaincorp.com\/\",\"name\":\"Chaincorp\",\"description\":\"Family Office\",\"potentialAction\":[{\"@type\":\"SearchAction\",\"target\":{\"@type\":\"EntryPoint\",\"urlTemplate\":\"https:\/\/www.chaincorp.com\/?s={search_term_string}\"},\"query-input\":{\"@type\":\"PropertyValueSpecification\",\"valueRequired\":true,\"valueName\":\"search_term_string\"}}],\"inLanguage\":\"es\"}]}<\/script>\n<!-- \/ Yoast SEO plugin. -->","yoast_head_json":{"title":"[:en]Contact Us[:es]Contacto[:] - Chaincorp","robots":{"index":"index","follow":"follow","max-snippet":"max-snippet:-1","max-image-preview":"max-image-preview:large","max-video-preview":"max-video-preview:-1"},"canonical":"https:\/\/www.chaincorp.com\/contact-us\/","og_locale":"es_ES","og_type":"article","og_title":"[:en]Contact Us[:es]Contacto[:] - Chaincorp","og_description":"Utilice este formulario para ponerse en contacto con nosotros con respecto a: Cualquier consulta espec\u00edfica que pueda tener Si tiene alg\u00fan comentario sobre nuestra p\u00e1gina web Si est\u00e1 buscando un inversionista para su proyecto Si desea compartir con nosotros una propuesta comercial","og_url":"https:\/\/www.chaincorp.com\/contact-us\/","og_site_name":"Chaincorp","article_modified_time":"2021-04-15T13:18:52+00:00","twitter_card":"summary_large_image","schema":{"@context":"https:\/\/schema.org","@graph":[{"@type":"WebPage","@id":"https:\/\/www.chaincorp.com\/contact-us\/","url":"https:\/\/www.chaincorp.com\/contact-us\/","name":"[:en]Contact Us[:es]Contacto[:] - Chaincorp","isPartOf":{"@id":"https:\/\/www.chaincorp.com\/#website"},"datePublished":"2021-03-01T09:46:10+00:00","dateModified":"2021-04-15T13:18:52+00:00","breadcrumb":{"@id":"https:\/\/www.chaincorp.com\/contact-us\/#breadcrumb"},"inLanguage":"es","potentialAction":[{"@type":"ReadAction","target":["https:\/\/www.chaincorp.com\/contact-us\/"]}]},{"@type":"BreadcrumbList","@id":"https:\/\/www.chaincorp.com\/contact-us\/#breadcrumb","itemListElement":[{"@type":"ListItem","position":1,"name":"Home","item":"https:\/\/www.chaincorp.com\/"},{"@type":"ListItem","position":2,"name":"Contact Us"}]},{"@type":"WebSite","@id":"https:\/\/www.chaincorp.com\/#website","url":"https:\/\/www.chaincorp.com\/","name":"Chaincorp","description":"Family Office","potentialAction":[{"@type":"SearchAction","target":{"@type":"EntryPoint","urlTemplate":"https:\/\/www.chaincorp.com\/?s={search_term_string}"},"query-input":{"@type":"PropertyValueSpecification","valueRequired":true,"valueName":"search_term_string"}}],"inLanguage":"es"}]}},"_links":{"self":[{"href":"https:\/\/www.chaincorp.com\/es\/wp-json\/wp\/v2\/pages\/19","targetHints":{"allow":["GET"]}}],"collection":[{"href":"https:\/\/www.chaincorp.com\/es\/wp-json\/wp\/v2\/pages"}],"about":[{"href":"https:\/\/www.chaincorp.com\/es\/wp-json\/wp\/v2\/types\/page"}],"author":[{"embeddable":true,"href":"https:\/\/www.chaincorp.com\/es\/wp-json\/wp\/v2\/users\/1"}],"replies":[{"embeddable":true,"href":"https:\/\/www.chaincorp.com\/es\/wp-json\/wp\/v2\/comments?post=19"}],"version-history":[{"count":10,"href":"https:\/\/www.chaincorp.com\/es\/wp-json\/wp\/v2\/pages\/19\/revisions"}],"predecessor-version":[{"id":472,"href":"https:\/\/www.chaincorp.com\/es\/wp-json\/wp\/v2\/pages\/19\/revisions\/472"}],"wp:attachment":[{"href":"https:\/\/www.chaincorp.com\/es\/wp-json\/wp\/v2\/media?parent=19"}],"curies":[{"name":"wp","href":"https:\/\/api.w.org\/{rel}","templated":true}]}}