{"id":48,"date":"2021-03-01T13:19:13","date_gmt":"2021-03-01T13:19:13","guid":{"rendered":"http:\/\/chaincorp.com\/?page_id=48"},"modified":"2021-04-13T09:48:18","modified_gmt":"2021-04-13T09:48:18","slug":"legal-policy","status":"publish","type":"page","link":"https:\/\/www.chaincorp.com\/es\/legal-policy\/","title":{"rendered":"AVISO LEGAL"},"content":{"rendered":"<p><\/p>\n<ul class=\"list-unstyled\">\n<li><b>1. Qui\u00e9nes Somos<\/b><\/li>\n<\/ul>\n<p>El titular de este sitio web es Chaincorp, S.L., (en adelante \u201cChaincorp\u201d) con C.I.F. n\u00ba B- 81222796, tiene su domicilio social en Madrid, Calle Zabaleta-9 Madrid-28002 y est\u00e1 inscrita en el Registro Mercantil de Madrid.<\/p>\n<ul class=\"list-unstyled\">\n<li><b>2. Productos y Servicios<\/b><\/li>\n<\/ul>\n<p>La informaci\u00f3n contenida en la Web no constituye ni una oferta de productos y servicios, ni una recomendaci\u00f3n u oferta de compra o de venta de inmuebles, valores ni de ning\u00fan otro producto de inversi\u00f3n, ni un elemento contractual. Tampoco supone asesoramiento legal, fiscal, ni de otra clase y su contenido no debe servir al usuario para tomar decisiones o realizar inversiones.<b><\/b><\/p>\n<ul class=\"list-unstyled\">\n<li><b>3. Copyright y Marcas<\/b><\/li>\n<\/ul>\n<p>Todos los derechos sobre la p\u00e1gina Web, as\u00ed como de los derechos de propiedad industrial e intelectual referidos a los contenidos que en ella se incluyan son propiedad de Chaincorp.<\/p>\n<p>Esta p\u00e1gina Web contiene referencias a marcas comerciales o marcas registradas de Chaincorp. Queda prohibido su uso sin el consentimiento previo y expreso de Chaincorp. Todas las dem\u00e1s referencias a otras marcas comerciales o registradas pertenecen a sus respectivos propietarios, sin que pueda entenderse que el acceso a la p\u00e1gina Web atribuya derecho alguno sobre las mismas.<\/p>\n<p>Los materiales de esta p\u00e1gina Web est\u00e1n protegidos por derechos de autor y cualquier uso no autorizado de los mismos puede violar la normativa sobre derechos de autor, marcas y otras regulaciones. La autorizaci\u00f3n concedida para utilizar esta p\u00e1gina Web se entender\u00e1 autom\u00e1ticamente terminada en caso de infringir cualquiera de estas Condiciones, estando obligado a destruir inmediatamente cualquier material obtenido o impreso de la p\u00e1gina Web.<\/p>\n<p>Chaincorp no concede ninguna licencia o autorizaci\u00f3n de uso de ninguna clase sobre sus derechos de propiedad industrial e intelectual, secretos empresariales o sobre cualquier otra propiedad o derecho relacionado con la p\u00e1gina Web y sus contenidos.<b><\/b><\/p>\n<ul class=\"list-unstyled\">\n<li><b>4. Uso y Tratamiento de Datos de Car\u00e1cter Personal<\/b><\/li>\n<\/ul>\n<p>Chaincorp, como Responsable del tratamiento de sus datos personales, y de conformidad con lo establecido en la normativa de protecci\u00f3n de datos, garantiza la seguridad y confidencialidad de los datos personales que el usuario facilite a trav\u00e9s de la p\u00e1gina Web.<\/p>\n<p>Chaincorp, informa a los usuarios de que la finalidad del tratamiento de los datos recabados es: la atenci\u00f3n de las solicitudes realizadas por los usuarios, la inclusi\u00f3n en la base de datos de contactos, la prestaci\u00f3n de servicios, la gesti\u00f3n de la relaci\u00f3n comercial y otras finalidades.<\/p>\n<p>Chaincorp ha adoptado todas las medidas de seguridad necesarias para asegurar la integridad, seguridad y conservaci\u00f3n de los datos personales almacenados en sus sistemas, de conformidad con lo dispuesto en la normativa vigente en materia de protecci\u00f3n de datos, reconociendo y apreciando la importancia del uso responsable de esta informaci\u00f3n.<\/p>\n<p>Chaincorp cuenta con un Delegado de Protecci\u00f3n de Datos encargado de supervisar el cumplimiento en materia de protecci\u00f3n de datos y ante quien podr\u00e1 dirigirse cuando lo estime conveniente <a href=\"mailto:lsa@chaincorp.com\"><strong><span style=\"font-weight: 700 !important;\">lsa@chaincorp.com<\/span><\/strong><\/a><\/p>\n<p>El usuario que desee contactar con Chaincorp, a trav\u00e9s de la Web, remitir\u00e1 un correo electr\u00f3nico en el que incluir\u00e1 sus datos personales, as\u00ed como el mensaje que desea enviar. En el caso de que el usuario haya facilitado sus datos en el apartado \u201cContacto\u201d, mediante el env\u00edo de un correo electr\u00f3nico, Chaincorp \u00a0tratar\u00e1 sus datos \u00fanicamente para poder dar curso a su petici\u00f3n y poder ponerse en contacto con el usuario en respuesta a su petici\u00f3n. Chaincorp tratar\u00e1 sus datos personales con la \u00fanica finalidad de gestionar y contestar el requerimiento de informaci\u00f3n recibido. El tratamiento que Chaincorp \u00a0realiza con dichos datos personales tiene su fundamento en el consentimiento impl\u00edcito del interesado al ofrecer \u00e9l mismo sus datos personales a Chaincorp \u00a0con el fin de obtener la informaci\u00f3n que precisa.<\/p>\n<p>As\u00ed, los datos personales tratados por Chaincorp \u00a0han sido proporcionados directamente por el usuario mediante la cumplimentaci\u00f3n de los formularios y\/o contratos dispuestos a tal efecto, bien a trav\u00e9s de la Web o bien a trav\u00e9s de la formalizaci\u00f3n y\/o contrataci\u00f3n de uno los productos comercializados\u00a0 por Chaincorp.<\/p>\n<p>Respecto a los datos recabados a trav\u00e9s de la P\u00e1gina Web, Chaincorp\u00a0 informa a las personas que han solicitado recibir informaci\u00f3n de Chaincorp que conservar\u00e1 dichos datos personales hasta el momento que el usuario no est\u00e9 interesado en seguir recibiendo la informaci\u00f3n que haya solicitado. En cada comunicaci\u00f3n, el usuario podr\u00e1 darse de baja o bien revocar el consentimiento otorgado.<\/p>\n<p>Chaincorp \u00a0informa a los usuarios de que sus datos personales no ser\u00e1n cedidos a terceras organizaciones, salvo que dicha cesi\u00f3n de datos se derive de una obligaci\u00f3n legal o cuando la prestaci\u00f3n de un servicio implique la necesidad de una relaci\u00f3n contractual con un encargado de tratamiento.<\/p>\n<p>Los usuarios del Sitio Web, podr\u00e1n ejercer los derechos de acceso, rectificaci\u00f3n, oposici\u00f3n, supresi\u00f3n, limitaci\u00f3n y portabilidad, dirija una comunicaci\u00f3n escrita junto con una copia de su D.N.I. a Chaincorp en la Calle Antonio Fuentes-27 Madrid-28043, o bien a trav\u00e9s de la direcci\u00f3n <strong><a href=\"mailto:lsa@chaincorp.com\">lsa@chaincorp.com<\/a><\/strong><\/p>\n<p>En el caso de que el cliente haya visto vulnerados sus derechos en materia de protecci\u00f3n de datos o tenga cualquier reclamaci\u00f3n relativa a su informaci\u00f3n personal podr\u00e1 dirigirse ante el Delegado de Protecci\u00f3n de Datos de Chaincorp \u00a0a trav\u00e9s del correo electr\u00f3nico <strong><a href=\"mailto:lsa@chaincorp.com\">lsa@chaincorp.com<\/a><\/strong>. En cualquier caso, les informamos que la autoridad de control en Espa\u00f1a es la Agencia Espa\u00f1ola de Protecci\u00f3n de Datos, autoridad de control en materia de protecci\u00f3n de datos, www.agpd.es. C\/Jorge Juan n\u00famero 6, 28001, Madrid.<\/p>\n<p>Para m\u00e1s informaci\u00f3n visite nuestra <b>Pol\u00edtica de Privacidad.<\/b><b><\/b><\/p>\n<ul class=\"list-unstyled\">\n<li><b>5. Uso de Cookies<\/b><\/li>\n<\/ul>\n<p>Las \u201ccookies\u201d constituyen una herramienta empleada por los servidores Web para almacenar y recuperar informaci\u00f3n acerca de sus usuarios.<\/p>\n<p>Las \u201ccookies\u201d son mensajes enviados por el servidor al ordenador del usuario, consistentes en ficheros de texto que se almacenan en la memoria del ordenador y que recogen informaci\u00f3n relativa a las p\u00e1ginas que se visitan, el tiempo de conexi\u00f3n a Internet, etc. Las \u201ccookies\u201d vuelven a ser enviadas al servidor cada vez que el usuario entra en esa p\u00e1gina.<\/p>\n<p>Chaincorp utiliza Cookies t\u00e9cnicas necesarias para conseguir una navegaci\u00f3n \u00f3ptima por este Sitio Web, que, en caso de desinstalarlas se podr\u00eda perder calidad en el funcionamiento del Sitio Web.<\/p>\n<p>Por otro lado, en tanto en cuanto el usuario haya consentido su tratamiento (a trav\u00e9s del mensaje habilitado al efecto), Chaincorp puede utilizar cookies anal\u00edticas. Estas cookies anal\u00edticas son de terceros, utilizadas para recabar estad\u00edsticas de actividad del usuario. Entre otros, se analizan el n\u00famero de usuarios que visitan el Sitio Web, el n\u00famero de p\u00e1ginas visitadas, as\u00ed como la actividad de los usuarios en el Sitio Web y su frecuencia de utilizaci\u00f3n. La informaci\u00f3n recopilada siempre es an\u00f3nima de tal forma que no se podr\u00e1 establecer un v\u00ednculo entre \u00e9sta y la persona f\u00edsica a qui\u00e9n se refiere.<\/p>\n<p>Para m\u00e1s informaci\u00f3n, consulte nuestra\u00a0<b>Pol\u00edtica de Cookies<\/b><span style=\"font-weight: 400;\">.<\/span><b><\/b><\/p>\n<ul class=\"list-unstyled\">\n<li><b>6. Responsabilidad<\/b><\/li>\n<\/ul>\n<p>Chaincorp no garantiza la actualidad, correcci\u00f3n, e integridad o calidad de la informaci\u00f3n que se facilite. Chaincorp no se responsabilizar\u00e1 de da\u00f1os materiales o inmateriales, que se derivan del uso o no uso de la informaci\u00f3n que se facilite o del uso de informaci\u00f3n err\u00f3nea o incompleta. Chaincorp se reserva expresamente el derecho a modificar, complementar o suprimir el contenido del Sitio Web o parte de este de forma temporal o definitiva sin previo aviso.<\/p>\n<p>Chaincorp no tiene obligaci\u00f3n de controlar, la utilizaci\u00f3n que el usuario hace del Sitio Web, de los Servicios y de los Contenidos. Chaincorp no se responsabiliza de los da\u00f1os producidos en los equipos inform\u00e1ticos de los usuarios o de terceros, o bien por los da\u00f1os y perjuicios de toda naturaleza que pudieran deberse a la utilizaci\u00f3n de los contenidos por parte del usuario. Entre otras, y a t\u00edtulo enunciativo y no limitativo, Chaincorp no se responsabiliza de (i) la falta de mantenimiento y efectivo funcionamiento del Sitio Web y\/o de sus servicios o Contenidos; (ii) falta de utilidad del Sitio Web o de los Contenidos para cualquier actividad; (iii) la existencia de virus, programas maliciosos o lesivos en los Contenidos; (iv) la recepci\u00f3n, obtenci\u00f3n, almacenamiento, difusi\u00f3n o transmisi\u00f3n, por parte de los usuarios, de los Contenidos y (v) el uso il\u00edcito, negligente, fraudulento, contrario a los t\u00e9rminos de la presente Pol\u00edtica de Privacidad y Aviso Legal, o a la buena fe y el orden p\u00fablico, del Sitio Web o sus Contenidos, por parte de los usuarios.<b><\/b><\/p>\n<ul class=\"list-unstyled\">\n<li><b>7. Ley aplicable y Jurisdicci\u00f3n<\/b><\/li>\n<\/ul>\n<p>El uso del Sitio Web se regir\u00e1 por la legislaci\u00f3n espa\u00f1ola. Cualquier controversia que surja en relaci\u00f3n con su uso ser\u00e1 sometida a la jurisdicci\u00f3n de los juzgados y tribunales de la ciudad de Madrid.<\/p>","protected":false},"excerpt":{"rendered":"<p>1. Qui\u00e9nes Somos El titular de este sitio web es Chaincorp, S.L., (en adelante \u201cChaincorp\u201d) con C.I.F. n\u00ba B- 81222796, tiene su domicilio social en Madrid, Calle Zabaleta-9 Madrid-28002 y est\u00e1 inscrita en el Registro Mercantil de Madrid. 2. Productos y Servicios La informaci\u00f3n contenida en la Web no constituye ni una oferta de productos y servicios, ni una recomendaci\u00f3n [&hellip;]<\/p>\n","protected":false},"author":1,"featured_media":0,"parent":0,"menu_order":0,"comment_status":"closed","ping_status":"closed","template":"","meta":{"_acf_changed":false,"footnotes":""},"class_list":["post-48","page","type-page","status-publish","hentry"],"acf":[],"yoast_head":"<!-- This site is optimized with the Yoast SEO plugin v26.8 - https:\/\/yoast.com\/product\/yoast-seo-wordpress\/ -->\n<title>AVISO LEGAL - Chaincorp<\/title>\n<meta name=\"robots\" content=\"index, follow, max-snippet:-1, max-image-preview:large, max-video-preview:-1\" \/>\n<link rel=\"canonical\" href=\"https:\/\/www.chaincorp.com\/legal-policy\/\" \/>\n<meta property=\"og:locale\" content=\"es_ES\" \/>\n<meta property=\"og:type\" content=\"article\" \/>\n<meta property=\"og:title\" content=\"[:en]Legal Policy[:es]AVISO LEGAL[:] - Chaincorp\" \/>\n<meta property=\"og:description\" content=\"1. Qui\u00e9nes Somos El titular de este sitio web es Chaincorp, S.L., (en adelante \u201cChaincorp\u201d) con C.I.F. n\u00ba B- 81222796, tiene su domicilio social en Madrid, Calle Zabaleta-9 Madrid-28002 y est\u00e1 inscrita en el Registro Mercantil de Madrid. 2. Productos y Servicios La informaci\u00f3n contenida en la Web no constituye ni una oferta de productos y servicios, ni una recomendaci\u00f3n [&hellip;]\" \/>\n<meta property=\"og:url\" content=\"https:\/\/www.chaincorp.com\/legal-policy\/\" \/>\n<meta property=\"og:site_name\" content=\"Chaincorp\" \/>\n<meta property=\"article:modified_time\" content=\"2021-04-13T09:48:18+00:00\" \/>\n<meta name=\"twitter:card\" content=\"summary_large_image\" \/>\n<meta name=\"twitter:label1\" content=\"Tiempo de lectura\" \/>\n\t<meta name=\"twitter:data1\" content=\"14 minutos\" \/>\n<script type=\"application\/ld+json\" class=\"yoast-schema-graph\">{\"@context\":\"https:\/\/schema.org\",\"@graph\":[{\"@type\":\"WebPage\",\"@id\":\"https:\/\/www.chaincorp.com\/legal-policy\/\",\"url\":\"https:\/\/www.chaincorp.com\/legal-policy\/\",\"name\":\"[:en]Legal Policy[:es]AVISO LEGAL[:] - Chaincorp\",\"isPartOf\":{\"@id\":\"https:\/\/www.chaincorp.com\/#website\"},\"datePublished\":\"2021-03-01T13:19:13+00:00\",\"dateModified\":\"2021-04-13T09:48:18+00:00\",\"breadcrumb\":{\"@id\":\"https:\/\/www.chaincorp.com\/legal-policy\/#breadcrumb\"},\"inLanguage\":\"es\",\"potentialAction\":[{\"@type\":\"ReadAction\",\"target\":[\"https:\/\/www.chaincorp.com\/legal-policy\/\"]}]},{\"@type\":\"BreadcrumbList\",\"@id\":\"https:\/\/www.chaincorp.com\/legal-policy\/#breadcrumb\",\"itemListElement\":[{\"@type\":\"ListItem\",\"position\":1,\"name\":\"Home\",\"item\":\"https:\/\/www.chaincorp.com\/\"},{\"@type\":\"ListItem\",\"position\":2,\"name\":\"Legal Policy\"}]},{\"@type\":\"WebSite\",\"@id\":\"https:\/\/www.chaincorp.com\/#website\",\"url\":\"https:\/\/www.chaincorp.com\/\",\"name\":\"Chaincorp\",\"description\":\"Family Office\",\"potentialAction\":[{\"@type\":\"SearchAction\",\"target\":{\"@type\":\"EntryPoint\",\"urlTemplate\":\"https:\/\/www.chaincorp.com\/?s={search_term_string}\"},\"query-input\":{\"@type\":\"PropertyValueSpecification\",\"valueRequired\":true,\"valueName\":\"search_term_string\"}}],\"inLanguage\":\"es\"}]}<\/script>\n<!-- \/ Yoast SEO plugin. -->","yoast_head_json":{"title":"[:en]Legal Policy[:es]AVISO LEGAL[:] - Chaincorp","robots":{"index":"index","follow":"follow","max-snippet":"max-snippet:-1","max-image-preview":"max-image-preview:large","max-video-preview":"max-video-preview:-1"},"canonical":"https:\/\/www.chaincorp.com\/legal-policy\/","og_locale":"es_ES","og_type":"article","og_title":"[:en]Legal Policy[:es]AVISO LEGAL[:] - Chaincorp","og_description":"1. Qui\u00e9nes Somos El titular de este sitio web es Chaincorp, S.L., (en adelante \u201cChaincorp\u201d) con C.I.F. n\u00ba B- 81222796, tiene su domicilio social en Madrid, Calle Zabaleta-9 Madrid-28002 y est\u00e1 inscrita en el Registro Mercantil de Madrid. 2. Productos y Servicios La informaci\u00f3n contenida en la Web no constituye ni una oferta de productos y servicios, ni una recomendaci\u00f3n [&hellip;]","og_url":"https:\/\/www.chaincorp.com\/legal-policy\/","og_site_name":"Chaincorp","article_modified_time":"2021-04-13T09:48:18+00:00","twitter_card":"summary_large_image","twitter_misc":{"Tiempo de lectura":"14 minutos"},"schema":{"@context":"https:\/\/schema.org","@graph":[{"@type":"WebPage","@id":"https:\/\/www.chaincorp.com\/legal-policy\/","url":"https:\/\/www.chaincorp.com\/legal-policy\/","name":"[:en]Legal Policy[:es]AVISO LEGAL[:] - Chaincorp","isPartOf":{"@id":"https:\/\/www.chaincorp.com\/#website"},"datePublished":"2021-03-01T13:19:13+00:00","dateModified":"2021-04-13T09:48:18+00:00","breadcrumb":{"@id":"https:\/\/www.chaincorp.com\/legal-policy\/#breadcrumb"},"inLanguage":"es","potentialAction":[{"@type":"ReadAction","target":["https:\/\/www.chaincorp.com\/legal-policy\/"]}]},{"@type":"BreadcrumbList","@id":"https:\/\/www.chaincorp.com\/legal-policy\/#breadcrumb","itemListElement":[{"@type":"ListItem","position":1,"name":"Home","item":"https:\/\/www.chaincorp.com\/"},{"@type":"ListItem","position":2,"name":"Legal Policy"}]},{"@type":"WebSite","@id":"https:\/\/www.chaincorp.com\/#website","url":"https:\/\/www.chaincorp.com\/","name":"Chaincorp","description":"Family Office","potentialAction":[{"@type":"SearchAction","target":{"@type":"EntryPoint","urlTemplate":"https:\/\/www.chaincorp.com\/?s={search_term_string}"},"query-input":{"@type":"PropertyValueSpecification","valueRequired":true,"valueName":"search_term_string"}}],"inLanguage":"es"}]}},"_links":{"self":[{"href":"https:\/\/www.chaincorp.com\/es\/wp-json\/wp\/v2\/pages\/48","targetHints":{"allow":["GET"]}}],"collection":[{"href":"https:\/\/www.chaincorp.com\/es\/wp-json\/wp\/v2\/pages"}],"about":[{"href":"https:\/\/www.chaincorp.com\/es\/wp-json\/wp\/v2\/types\/page"}],"author":[{"embeddable":true,"href":"https:\/\/www.chaincorp.com\/es\/wp-json\/wp\/v2\/users\/1"}],"replies":[{"embeddable":true,"href":"https:\/\/www.chaincorp.com\/es\/wp-json\/wp\/v2\/comments?post=48"}],"version-history":[{"count":27,"href":"https:\/\/www.chaincorp.com\/es\/wp-json\/wp\/v2\/pages\/48\/revisions"}],"predecessor-version":[{"id":451,"href":"https:\/\/www.chaincorp.com\/es\/wp-json\/wp\/v2\/pages\/48\/revisions\/451"}],"wp:attachment":[{"href":"https:\/\/www.chaincorp.com\/es\/wp-json\/wp\/v2\/media?parent=48"}],"curies":[{"name":"wp","href":"https:\/\/api.w.org\/{rel}","templated":true}]}}