{"id":50,"date":"2021-03-01T13:19:25","date_gmt":"2021-03-01T13:19:25","guid":{"rendered":"http:\/\/chaincorp.com\/?page_id=50"},"modified":"2021-04-20T06:45:13","modified_gmt":"2021-04-20T06:45:13","slug":"privacy-policy","status":"publish","type":"page","link":"https:\/\/www.chaincorp.com\/es\/privacy-policy\/","title":{"rendered":"Pol\u00edtica de Privacidad"},"content":{"rendered":"<p><\/p>\n<ol class=\"list-unstyled\">\n<li aria-level=\"1\"><strong>1. Responsable del tratamiento de Los datos personales:<\/strong><\/li>\n<\/ol>\n<p>El responsable del tratamiento de los datos personales es Chaincorp S.L.\u00a0(en adelante \u201cChaincorp \u201d), ubicado en la calle Antonio Fuentes &#8211; 27, Madrid &#8211; 28043.<b><\/b><\/p>\n<ul class=\"list-unstyled\">\n<li aria-level=\"1\"><strong>2. Finalidades y Legitimaci\u00f3n de Chaincorp:<\/strong><\/li>\n<\/ul>\n<p>En cumplimiento de lo establecido por la normativa aplicable en materia de protecci\u00f3n de datos, y, en concreto, del Reglamento (UE) 2016\/679, del Parlamento Europeo y del Consejo, de 27 de abril de 2016, relativo a la protecci\u00f3n de los datos de las personas f\u00edsicas en lo que respecta al tratamiento de datos personales y a la libre circulaci\u00f3n de estos datos (en adelante \u201cGDPR\u201d), Chaincorp\u00a0 informa de que sus datos ser\u00e1n tratados bajo las siguientes finalidades:<\/p>\n<ol class=\"roman\">\n<li aria-level=\"1\">Gesti\u00f3n de la petici\u00f3n realizada por parte del usuario. Chaincorp realizar\u00e1 aquellos tratamientos de datos necesarios para la gesti\u00f3n de la petici\u00f3n requerida por parte del usuario. De esta forma Chaincorp tratar\u00e1 datos como su nombre, apellidos, e-mail, tel\u00e9fono, comentarios realizados, cargo y entidad, as\u00ed como la informaci\u00f3n relativa al tipo de petici\u00f3n. Chaincorp tratar\u00e1 estos datos en base al consentimiento mostrado por el usuario al contactar con Chaincorp.En su caso, Chaincorp comunicar\u00e1 los datos del usuario a aquellas entidades o terceros colaboradores para la gesti\u00f3n de dichas peticiones. En este sentido, dicha comunicaci\u00f3n podr\u00eda suponer una transferencia internacional de datos a un pa\u00eds que no ofrezca el mismo nivel de protecci\u00f3n de datos que aquellas ubicadas en la Uni\u00f3n Europea. En esos casos, Chaincorp garantiza que la transferencia internacional ser\u00e1 realizada aplicando las garant\u00edas y obligaciones establecidas por el GDPR.<\/li>\n<li aria-level=\"1\">Control inform\u00e1tico de la p\u00e1gina web. Chaincorp realizar\u00e1 aquellas actuaciones de vigilancia y control del uso de la p\u00e1gina web con el fin de prevenir y detectar cualquier utilizaci\u00f3n fraudulenta. Este tratamiento resulta necesario para cumplir con aquellas obligaciones legales marcadas por la normativa aplicable en materia de servicios de la sociedad de la informaci\u00f3n y comercio electr\u00f3nico, con el fin de evitar, prevenir y\/o detectar cualquier acceso no autorizado, alteraci\u00f3n o p\u00e9rdida de aquella informaci\u00f3n relativa a terceras personas diferentes al usuario que pueda generar para Chaincorp cualquier tipo de responsabilidad.<\/li>\n<li aria-level=\"1\">Recepci\u00f3n de CVs a trav\u00e9s de la pesta\u00f1a \u201cTrabaje con nosotros\u201d. Chaincorp tratar\u00e1 aquellos datos relativos a los candidatos aplicando para ello la pol\u00edtica de privacidad espec\u00edfica de candidatos a optar por un puesto de trabajo en Chaincorp. El usuario dispone de la informaci\u00f3n relativa al tratamiento de sus datos como candidato en la pol\u00edtica de privacidad aplicada a \u201cTrabaje con nosotros\u201d.<\/li>\n<\/ol>\n<ul class=\"list-unstyled\">\n<li aria-level=\"1\"><strong>3. Conservaci\u00f3n de la Informaci\u00f3n:<\/strong><\/li>\n<\/ul>\n<p>Los datos personales a los que se tenga acceso se tratar\u00e1n durante el tiempo necesario para la atenci\u00f3n de la petici\u00f3n. En este sentido, Chaincorp podr\u00e1 conservar los datos personales del usuario, debidamente bloqueados, durante el plazo de prescripci\u00f3n de las acciones que pudieran derivarse de la relaci\u00f3n mantenida con el interesado o para la atenci\u00f3n de requerimientos de autoridades p\u00fablicas, de acuerdo con la normativa aplicable en cada caso.<b><\/b><\/p>\n<ul class=\"list-unstyled\">\n<li aria-level=\"1\"><strong>4. Posibles destinatarios de los datos personales:<\/strong><\/li>\n<\/ul>\n<p>Su informaci\u00f3n puede, para los fines establecidos en esta Pol\u00edtica de Privacidad, ser revelar\u00e1 para procesar:<\/p>\n<ol class=\"roman\">\n<li aria-level=\"1\">A nuestros asociados, clientes, distribuidores y proveedores o terceros seleccionados que ofrecen productos o servicios que puedan ser de su inter\u00e9s o que puedan estar interesados \u200b\u200ben sus productos o servicios. Nos aseguraremos de que aquel a quien pasemos su informaci\u00f3n se comprometa a tratar sus datos con el mismo nivel de protecci\u00f3n como si fu\u00e9ramos nosotros quien la trat\u00e1ramos;<\/li>\n<li aria-level=\"1\">A los organismos reguladores a efectos de control y\/o exigir nuestro cumplimiento con las normas \/ c\u00f3digos reglamentarios o cuando lo requiera la ley, reglamento o procedimiento judicial;<\/li>\n<li aria-level=\"1\">A una autoridad competente en respuesta a una petici\u00f3n legal requerida por la autoridad competente;<\/li>\n<li aria-level=\"1\">A nuestros empleados;<\/li>\n<li aria-level=\"1\">Donde nosotros o una filial de tratamiento de sus datos en nuestro nombre, sea obligada a hacerlo por ley;<\/li>\n<li aria-level=\"1\">A terceros a los que usted ha elegido para recibir informaci\u00f3n de marketing o cualquier otra informaci\u00f3n;<\/li>\n<li aria-level=\"1\">A los auditores o contratistas u otros asesores de auditor\u00eda y asistiendo con o asesoramiento sobre cualquiera de nuestros fines comerciales;<\/li>\n<li aria-level=\"1\">A cualquier tercero cuando dicha revelaci\u00f3n sea necesaria con el fin de hacer cumplir o aplicar nuestros T\u00e9rminos de Uso P\u00e1gina web o de nuestros T\u00e9rminos y condiciones y \/ u otros acuerdos, o para proteger los derechos, propiedad o seguridad de nuestra empresa, nuestros clientes u otras personas. Esto incluye el intercambio de informaci\u00f3n con otras compa\u00f1\u00edas y organizaciones con fines de protecci\u00f3n de fraude y reducci\u00f3n de riesgo de cr\u00e9dito;<\/li>\n<li aria-level=\"1\">A los terceros contratistas, proveedores, distribuidores, clientes o asociados que puedan acceder a su informaci\u00f3n personal en la prestaci\u00f3n de servicios a nosotros, (incluyendo, pero no limitado a los servicios de soporte de IT).<\/li>\n<\/ol>\n<p>Chaincorp toma precauciones razonables para asegurar que la informaci\u00f3n personal que USTED proporcione se utilizar\u00e1 \u00fanicamente para los fines expresos establecidos en las presentes condiciones y en el desarrollo de sus fines sociales. Sin embargo, Internet no es una red totalmente segura y Chaincorp no puede garantizar que dicha informaci\u00f3n no pueda ser interceptada por otros terceros.<b><\/b><\/p>\n<ul class=\"list-unstyled\">\n<li aria-level=\"1\"><strong>5. Derechos de los Usuarios en Protecci\u00f3n de Datos:<\/strong><\/li>\n<\/ul>\n<p>El usuario puede ejercitar, si lo desea, los derechos de acceso, rectificaci\u00f3n y supresi\u00f3n de datos, as\u00ed como solicitar que se limite el tratamiento de sus datos personales, oponerse al mismo, solicitar la portabilidad de sus datos, as\u00ed como no ser objeto de decisiones individuales automatizadas, mediante env\u00edo de correo electr\u00f3nico a la direcci\u00f3n\u00a0<a href=\"mailto:lsa@chaincorp.com\">lsa@chaincorp.com.<\/a><b><\/b><\/p>\n<ul class=\"list-unstyled\">\n<li aria-level=\"1\"><strong>6. Posibles reclamaciones de Los Usuarios:<\/strong><\/li>\n<\/ul>\n<p>El usuario que entienda que se han visto vulnerados sus derechos en materia de protecci\u00f3n de datos o tenga cualquier reclamaci\u00f3n relativa a su informaci\u00f3n personal podr\u00e1 dirigirse ante el Delegado de Protecci\u00f3n de Datos (<a href=\"mailto:lsa@chaincorp.com\">lsa@chaincorp.com.<\/a>). En cualquier caso, los interesados siempre podr\u00e1n acudir ante la Agencia Espa\u00f1ola de Protecci\u00f3n de Datos, o en su caso, a otra autoridad competente en materia de protecci\u00f3n de datos de acuerdo con lo establecido en la legislaci\u00f3n aplicable.<b><\/b><\/p>\n<ul class=\"list-unstyled\">\n<li aria-level=\"1\"><strong>7. Seguridad:<\/strong><\/li>\n<\/ul>\n<p>Chaincorp ha adoptado las medidas t\u00e9cnicas y organizativas necesarias para mantener el nivel de seguridad requerido e integridad de los datos seg\u00fan la naturaleza de los datos personales tratados y las circunstancias del tratamiento, con el objeto de evitar, en la medida de lo posible, y siempre seg\u00fan el estado de la t\u00e9cnica, su alteraci\u00f3n, p\u00e9rdida, tratamiento o acceso no autorizado.<br \/>\n<b><\/b><\/p>\n<ul class=\"list-unstyled\">\n<li aria-level=\"1\"><strong>8. Cookies<\/strong><\/li>\n<\/ul>\n<p>La Web puede disponer de cookies, que son peque\u00f1os ficheros de datos que se generan en el ordenador del usuario o cliente y que permiten a nuestros sistemas recordar el idioma y el portal escogidos, as\u00ed como otras caracter\u00edsticas o preferencias de navegaci\u00f3n del usuario en su primera sesi\u00f3n. Estas \u00abcookies\u00bb no son invasivas, ni nocivas, ni contienen datos de car\u00e1cter personal, ya que su \u00fanica funci\u00f3n es personalizar su navegaci\u00f3n en la forma antes expresada.<\/p>\n<p>De conformidad con la normativa vigente, Chaincorp solicitar\u00e1 permiso para realizar la gesti\u00f3n de Cookies. En caso de que contin\u00fae navegando por la p\u00e1gina web de Chaincorp sin denegar la utilizaci\u00f3n, entendemos que consiente la utilizaci\u00f3n de Cookies por parte de Chaincorp.<\/p>\n<ol class=\"list-unstyled\">\n<li aria-level=\"1\"><strong>9. Links desde y hacia p\u00e1ginas de terceros:<\/strong><\/li>\n<\/ol>\n<p>La Web puede incluir links desde y hacia otras p\u00e1ginas Web de terceros sobre las que Chaincorp no tiene control alguno. Chaincorp no se hace responsable de la informaci\u00f3n contenida en p\u00e1ginas Web de terceros. Cualquier informaci\u00f3n u opiniones a las que se tenga acceso a trav\u00e9s de links a p\u00e1ginas de terceros lo ser\u00e1n solamente del proveedor correspondiente y no ser\u00e1n necesariamente compartidas por Chaincorp.<\/p>","protected":false},"excerpt":{"rendered":"<p>1. Responsable del tratamiento de Los datos personales: El responsable del tratamiento de los datos personales es Chaincorp S.L.\u00a0(en adelante \u201cChaincorp \u201d), ubicado en la calle Antonio Fuentes &#8211; 27, Madrid &#8211; 28043. 2. Finalidades y Legitimaci\u00f3n de Chaincorp: En cumplimiento de lo establecido por la normativa aplicable en materia de protecci\u00f3n de datos, y, en concreto, del Reglamento (UE) [&hellip;]<\/p>\n","protected":false},"author":1,"featured_media":0,"parent":0,"menu_order":0,"comment_status":"closed","ping_status":"closed","template":"","meta":{"_acf_changed":false,"footnotes":""},"class_list":["post-50","page","type-page","status-publish","hentry"],"acf":[],"yoast_head":"<!-- This site is optimized with the Yoast SEO plugin v26.8 - https:\/\/yoast.com\/product\/yoast-seo-wordpress\/ -->\n<title>Pol\u00edtica de Privacidad - Chaincorp<\/title>\n<meta name=\"robots\" content=\"index, follow, max-snippet:-1, max-image-preview:large, max-video-preview:-1\" \/>\n<link rel=\"canonical\" href=\"https:\/\/www.chaincorp.com\/es\/privacy-policy\/\" \/>\n<meta property=\"og:locale\" content=\"es_ES\" \/>\n<meta property=\"og:type\" content=\"article\" \/>\n<meta property=\"og:title\" content=\"[:en]Privacy Policy[:es]Pol\u00edtica de Privacidad[:] - Chaincorp\" \/>\n<meta property=\"og:description\" content=\"1. Responsable del tratamiento de Los datos personales: El responsable del tratamiento de los datos personales es Chaincorp S.L.\u00a0(en adelante \u201cChaincorp \u201d), ubicado en la calle Antonio Fuentes &#8211; 27, Madrid &#8211; 28043. 2. Finalidades y Legitimaci\u00f3n de Chaincorp: En cumplimiento de lo establecido por la normativa aplicable en materia de protecci\u00f3n de datos, y, en concreto, del Reglamento (UE) [&hellip;]\" \/>\n<meta property=\"og:url\" content=\"https:\/\/www.chaincorp.com\/es\/privacy-policy\/\" \/>\n<meta property=\"og:site_name\" content=\"Chaincorp\" \/>\n<meta property=\"article:modified_time\" content=\"2021-04-20T06:45:13+00:00\" \/>\n<meta name=\"twitter:card\" content=\"summary_large_image\" \/>\n<meta name=\"twitter:label1\" content=\"Tiempo de lectura\" \/>\n\t<meta name=\"twitter:data1\" content=\"12 minutos\" \/>\n<script type=\"application\/ld+json\" class=\"yoast-schema-graph\">{\"@context\":\"https:\/\/schema.org\",\"@graph\":[{\"@type\":\"WebPage\",\"@id\":\"https:\/\/www.chaincorp.com\/es\/privacy-policy\/\",\"url\":\"https:\/\/www.chaincorp.com\/es\/privacy-policy\/\",\"name\":\"[:en]Privacy Policy[:es]Pol\u00edtica de Privacidad[:] - Chaincorp\",\"isPartOf\":{\"@id\":\"https:\/\/www.chaincorp.com\/#website\"},\"datePublished\":\"2021-03-01T13:19:25+00:00\",\"dateModified\":\"2021-04-20T06:45:13+00:00\",\"breadcrumb\":{\"@id\":\"https:\/\/www.chaincorp.com\/es\/privacy-policy\/#breadcrumb\"},\"inLanguage\":\"es\",\"potentialAction\":[{\"@type\":\"ReadAction\",\"target\":[\"https:\/\/www.chaincorp.com\/es\/privacy-policy\/\"]}]},{\"@type\":\"BreadcrumbList\",\"@id\":\"https:\/\/www.chaincorp.com\/es\/privacy-policy\/#breadcrumb\",\"itemListElement\":[{\"@type\":\"ListItem\",\"position\":1,\"name\":\"Home\",\"item\":\"https:\/\/www.chaincorp.com\/\"},{\"@type\":\"ListItem\",\"position\":2,\"name\":\"Pol\u00edtica de Privacidad\"}]},{\"@type\":\"WebSite\",\"@id\":\"https:\/\/www.chaincorp.com\/#website\",\"url\":\"https:\/\/www.chaincorp.com\/\",\"name\":\"Chaincorp\",\"description\":\"Family Office\",\"potentialAction\":[{\"@type\":\"SearchAction\",\"target\":{\"@type\":\"EntryPoint\",\"urlTemplate\":\"https:\/\/www.chaincorp.com\/?s={search_term_string}\"},\"query-input\":{\"@type\":\"PropertyValueSpecification\",\"valueRequired\":true,\"valueName\":\"search_term_string\"}}],\"inLanguage\":\"es\"}]}<\/script>\n<!-- \/ Yoast SEO plugin. -->","yoast_head_json":{"title":"[:en]Privacy Policy[:es]Pol\u00edtica de Privacidad[:] - Chaincorp","robots":{"index":"index","follow":"follow","max-snippet":"max-snippet:-1","max-image-preview":"max-image-preview:large","max-video-preview":"max-video-preview:-1"},"canonical":"https:\/\/www.chaincorp.com\/es\/privacy-policy\/","og_locale":"es_ES","og_type":"article","og_title":"[:en]Privacy Policy[:es]Pol\u00edtica de Privacidad[:] - Chaincorp","og_description":"1. Responsable del tratamiento de Los datos personales: El responsable del tratamiento de los datos personales es Chaincorp S.L.\u00a0(en adelante \u201cChaincorp \u201d), ubicado en la calle Antonio Fuentes &#8211; 27, Madrid &#8211; 28043. 2. Finalidades y Legitimaci\u00f3n de Chaincorp: En cumplimiento de lo establecido por la normativa aplicable en materia de protecci\u00f3n de datos, y, en concreto, del Reglamento (UE) [&hellip;]","og_url":"https:\/\/www.chaincorp.com\/es\/privacy-policy\/","og_site_name":"Chaincorp","article_modified_time":"2021-04-20T06:45:13+00:00","twitter_card":"summary_large_image","twitter_misc":{"Tiempo de lectura":"12 minutos"},"schema":{"@context":"https:\/\/schema.org","@graph":[{"@type":"WebPage","@id":"https:\/\/www.chaincorp.com\/es\/privacy-policy\/","url":"https:\/\/www.chaincorp.com\/es\/privacy-policy\/","name":"[:en]Privacy Policy[:es]Pol\u00edtica de Privacidad[:] - Chaincorp","isPartOf":{"@id":"https:\/\/www.chaincorp.com\/#website"},"datePublished":"2021-03-01T13:19:25+00:00","dateModified":"2021-04-20T06:45:13+00:00","breadcrumb":{"@id":"https:\/\/www.chaincorp.com\/es\/privacy-policy\/#breadcrumb"},"inLanguage":"es","potentialAction":[{"@type":"ReadAction","target":["https:\/\/www.chaincorp.com\/es\/privacy-policy\/"]}]},{"@type":"BreadcrumbList","@id":"https:\/\/www.chaincorp.com\/es\/privacy-policy\/#breadcrumb","itemListElement":[{"@type":"ListItem","position":1,"name":"Home","item":"https:\/\/www.chaincorp.com\/"},{"@type":"ListItem","position":2,"name":"Pol\u00edtica de Privacidad"}]},{"@type":"WebSite","@id":"https:\/\/www.chaincorp.com\/#website","url":"https:\/\/www.chaincorp.com\/","name":"Chaincorp","description":"Family Office","potentialAction":[{"@type":"SearchAction","target":{"@type":"EntryPoint","urlTemplate":"https:\/\/www.chaincorp.com\/?s={search_term_string}"},"query-input":{"@type":"PropertyValueSpecification","valueRequired":true,"valueName":"search_term_string"}}],"inLanguage":"es"}]}},"_links":{"self":[{"href":"https:\/\/www.chaincorp.com\/es\/wp-json\/wp\/v2\/pages\/50","targetHints":{"allow":["GET"]}}],"collection":[{"href":"https:\/\/www.chaincorp.com\/es\/wp-json\/wp\/v2\/pages"}],"about":[{"href":"https:\/\/www.chaincorp.com\/es\/wp-json\/wp\/v2\/types\/page"}],"author":[{"embeddable":true,"href":"https:\/\/www.chaincorp.com\/es\/wp-json\/wp\/v2\/users\/1"}],"replies":[{"embeddable":true,"href":"https:\/\/www.chaincorp.com\/es\/wp-json\/wp\/v2\/comments?post=50"}],"version-history":[{"count":13,"href":"https:\/\/www.chaincorp.com\/es\/wp-json\/wp\/v2\/pages\/50\/revisions"}],"predecessor-version":[{"id":473,"href":"https:\/\/www.chaincorp.com\/es\/wp-json\/wp\/v2\/pages\/50\/revisions\/473"}],"wp:attachment":[{"href":"https:\/\/www.chaincorp.com\/es\/wp-json\/wp\/v2\/media?parent=50"}],"curies":[{"name":"wp","href":"https:\/\/api.w.org\/{rel}","templated":true}]}}