{"id":52,"date":"2021-03-01T13:19:51","date_gmt":"2021-03-01T13:19:51","guid":{"rendered":"http:\/\/chaincorp.com\/?page_id=52"},"modified":"2021-04-20T06:49:05","modified_gmt":"2021-04-20T06:49:05","slug":"cookies-policy","status":"publish","type":"page","link":"https:\/\/www.chaincorp.com\/es\/cookies-policy\/","title":{"rendered":"Pol\u00edtica de Cookies"},"content":{"rendered":"<p>El sitio web de Chaincorp, S.L. en adelante \u201cChaincorp\u201d y sus dominios utilizan cookies (peque\u00f1os archivos de informaci\u00f3n que el servidor env\u00eda al ordenador de quien accede a p\u00e1gina) para el correcto funcionamiento y visualizaci\u00f3n de los sitios Web por parte del usuario, as\u00ed como la recogida de estad\u00edsticas.<b><\/b><\/p>\n<ul class=\"list-unstyled\">\n<li aria-level=\"1\"><strong>1. \u00bfQu\u00e9 son las Cookies?<\/strong><\/li>\n<\/ul>\n<p>Las cookies son peque\u00f1os archivos de texto que se descargan y almacenan en los dispositivos del usuario (ordenador\/smartphone\/tableta). Permiten al sitio web recordar las preferencias de navegaci\u00f3n y mejorar la navegaci\u00f3n del usuario haciendo que la interacci\u00f3n entre el usuario y el sitio web sea m\u00e1s r\u00e1pida y sencilla.<\/p>\n<p>Los tipos de cookies que pueden utilizarse en este sitio web son los siguientes:<b><\/b><\/p>\n<ol class=\"roman\">\n<li aria-level=\"1\">En cuanto al per\u00edodo de tiempo que permanecen activadas:\n<ol class=\"alpha\">\n<li aria-level=\"2\">Cookies de sesi\u00f3n: estas cookies s\u00f3lo duran el tiempo de la sesi\u00f3n web, y desaparecen de tu ordenador o dispositivo cuando cierras el navegador.<\/li>\n<li aria-level=\"2\">Cookies persistentes: estas cookies podr\u00edan permanecer en su ordenador o dispositivo despu\u00e9s de cerrar el navegador y durar un tiempo especificado en la cookie (en cualquier caso, no m\u00e1s de 24 meses).<\/li>\n<\/ol>\n<\/li>\n<li aria-level=\"1\">En cuanto al editor que gestiona la cookie:\n<ol class=\"alpha\">\n<li aria-level=\"2\">Cookies propias: estas cookies las establece el editor del sitio web que est\u00e1 visitando.<\/li>\n<li aria-level=\"2\">Cookies de terceros: estas cookies son establecidas por terceros (por ejemplo, Google Analytics).<\/li>\n<\/ol>\n<\/li>\n<li aria-level=\"1\">En cuanto a la finalidad de las cookies:\n<ol class=\"alpha\">\n<li aria-level=\"2\">Cookies estrictamente necesarias: estas cookies son necesarias para proporcionar los servicios de Chaincorp en nuestro sitio web. Sin ellas, los servicios que usted ha solicitado no podr\u00edan ser proporcionados.<\/li>\n<li aria-level=\"2\">Cookies de personalizaci\u00f3n: estas cookies permiten al usuario personalizar algunas caracter\u00edsticas de las opciones generales de la p\u00e1gina web (recordar el idioma, el nivel superior del portal elegido si el usuario es un particular, empresa o aut\u00f3nomo, etc. y recordarlo en la siguiente vista).<\/li>\n<li aria-level=\"2\">Cookies de an\u00e1lisis: estas cookies recogen informaci\u00f3n de forma an\u00f3nima. Si usted consiente su instalaci\u00f3n, las cookies de Google Analytics se instalar\u00e1n en su dispositivo para mejorar el sitio web de Chaincorp mediante la recopilaci\u00f3n y el informe de informaci\u00f3n sobre su uso.<\/li>\n<\/ol>\n<\/li>\n<\/ol>\n<ul class=\"list-unstyled\">\n<li aria-level=\"1\"><strong>2. \u00bfPara qu\u00e9 se utilizan las cookies?\u00a0<\/strong><\/li>\n<\/ul>\n<p>Chaincorp utiliza cookies para que la p\u00e1gina web funcione correctamente, nos ayude\u00a0 a comprender el tr\u00e1fico de nuestra p\u00e1gina web y optimizar la experiencia del usuario. Las cookies tambi\u00e9n permiten identificar el navegador y dispositivo a trav\u00e9s del cual el usuario accede al sitio web. En consecuencia, las cookies se utilizan para facilitar la pr\u00f3xima visita a la p\u00e1gina y hacerla m\u00e1s \u00fatil.<b><\/b><\/p>\n<ul class=\"list-unstyled\">\n<li aria-level=\"1\"><strong>3. \u00bfC\u00f3mo las utilizamos?<\/strong><\/li>\n<\/ul>\n<p>Las cookies ayudan al usuario a moverse y a utilizar el sitio web. Las caracter\u00edsticas y funcionalidades de seguridad esenciales pueden verse afectadas si no se instalan, pero en cualquier caso, ser\u00e1 decisi\u00f3n del usuario habilitarlas o no.<\/p>\n<p>Tenga en cuenta que el sitio web de Chaincorp, S.L. utiliza el siguiente tipo de cookies:<\/p>\n<table>\n<tbody>\n<tr>\n<td><b>Editor \/ Provider<\/b><\/td>\n<td><b>Name of the cookie<\/b><\/td>\n<td><b>Purpose of the cookie<\/b><\/td>\n<td><b>Description<\/b><\/td>\n<td><b>Retention period<\/b><\/td>\n<\/tr>\n<tr>\n<td>Google Analytics<\/td>\n<td>_ga<\/td>\n<td>Used to distinguish users<\/td>\n<td>Used to track visits to the website<\/td>\n<td>2 years<\/td>\n<\/tr>\n<tr>\n<td>Google Analytics<\/td>\n<td>_ga<\/td>\n<td>Visitor identification<\/td>\n<td>Used to track user journey<\/td>\n<td>24 hours<\/td>\n<\/tr>\n<tr>\n<td>Google Analytics<\/td>\n<td>_gat<\/td>\n<td>Throttling request rate<\/td>\n<td>Used to increase efficiency of network calls<\/td>\n<td>10 minutes<\/td>\n<\/tr>\n<tr>\n<td>Chaincorp, S.L.<\/td>\n<td>lang<\/td>\n<td>User language<\/td>\n<td>Used to customize the website language<\/td>\n<td>1 year<\/td>\n<\/tr>\n<\/tbody>\n<\/table>\n<p>&nbsp;<\/p>\n<ul class=\"list-unstyled\">\n<li aria-level=\"1\"><strong>4. \u00bfC\u00f3mo desactivar las Cookies?<\/strong><\/li>\n<\/ul>\n<p>El usuario puede cambiar sus preferencias de cookies en cualquier momento a trav\u00e9s del \u00abPanel de configuraci\u00f3n de cookies\u00bb haciendo clic en el siguiente bot\u00f3n.<\/p>\n<p><b>BOTON: CONFIGURAR COOKIES<\/b><\/p>\n<p>Adem\u00e1s, todos los navegadores permiten a los usuarios deshabilitar las cookies. De hecho, la mayor\u00eda de los navegadores ofrecen la posibilidad de gestionar las cookies para obtener un control m\u00e1s preciso de la privacidad. Estos ajustes se encuentran en las pesta\u00f1as \u00bbOpciones\u00bb o \u00bbPreferencias\u00bb del men\u00fa del navegador. Para desactivar las cookies en cada navegador, los usuarios pueden seguir las siguientes instrucciones:<b><\/b><\/p>\n<ul>\n<li aria-level=\"1\"><b>Google Chrome<\/b><br \/>\n<a href=\"https:\/\/support.google.com\/accounts\/answer\/32050?co=GENIE.Platform%3DDesktop&amp;hl=es\"><span style=\"font-weight: 400;\">https:\/\/support.google.com\/accounts\/answer\/32050?co=GENIE.Platform%3DDesktop&amp;hl=es<\/span><\/a><\/li>\n<\/ul>\n<ul>\n<li style=\"font-weight: 400;\" aria-level=\"1\"><b>Firefox<\/b><br \/>\n<a href=\"http:\/\/support.mozilla.org\/es\/home#sthash.cEpCdreI.dpuf\"><span style=\"font-weight: 400;\">http:\/\/support.mozilla.org\/es\/home#sthash.cEpCdreI.dpuf<\/span><\/a><\/li>\n<\/ul>\n<ul>\n<li style=\"font-weight: 400;\" aria-level=\"1\"><b>Microsoft Edge<\/b><br \/>\n<a href=\"https:\/\/support.microsoft.com\/es-es\/help\/4027947\/microsoft-edge-delete-cookies\"><span style=\"font-weight: 400;\">https:\/\/support.microsoft.com\/es-es\/help\/4027947\/microsoft-edge-delete-cookies<\/span><\/a><\/li>\n<\/ul>\n<ul>\n<li style=\"font-weight: 400;\" aria-level=\"1\"><b>Internet Explorer<\/b><br \/>\n<a href=\"http:\/\/support.microsoft.com\/ph\/807\/es-es#sthash.cEpCdreI.dpuf\"><span style=\"font-weight: 400;\">http:\/\/support.microsoft.com\/ph\/807\/es-es#sthash.cEpCdreI.dpuf<\/span><\/a><\/li>\n<\/ul>\n<ul>\n<li style=\"font-weight: 400;\" aria-level=\"1\"><b>Safari<\/b><br \/>\n<a href=\"http:\/\/support.apple.com\/kb\/HT1677?viewlocale=es_ES#sthash.cEpCdreI.dpuf\"><span style=\"font-weight: 400;\">http:\/\/support.apple.com\/kb\/HT1677?viewlocale=es_ES#sthash.cEpCdreI.dpuf<\/span><\/a><\/li>\n<\/ul>\n<ul>\n<li style=\"font-weight: 400;\" aria-level=\"1\"><b>Opera<\/b><br \/>\n<a href=\"http:\/\/help.opera.com\/Windows\/8.54\/es-ES\/index.html#sthash.cEpCdreI.dpuf\"><span style=\"font-weight: 400;\">http:\/\/help.opera.com\/Windows\/8.54\/es-ES\/index.html#sthash.cEpCdreI.dpuf<\/span><\/a><b><\/b><\/li>\n<\/ul>\n<ul class=\"list-unstyled\">\n<li><strong>5. Tratamiento de datos personales<\/strong><\/li>\n<\/ul>\n<ul>\n<li aria-level=\"1\">Responsable del tratamiento<b>:<\/b>Chaincorp, S.L.<\/li>\n<li aria-level=\"1\">\n<p>Contacto del Delegado de Protecci\u00f3n de Datos:<br \/>\nPuede contactar con nuestro Delegado de Protecci\u00f3n de Datos en la direcci\u00f3n postal, Calle Antonio Fuentes-27 Madrid-28043, Espa\u00f1a, o por correo electr\u00f3nico a <strong><a href=\"mailto:lsa@chaincorp.com\">lsa@chaincorp.com<\/a><\/strong>.<\/p>\n<\/li>\n<li aria-level=\"1\">Finalidad del tratamiento de datos de car\u00e1cter personal:<br \/>\nLas finalidades del tratamiento de los datos personales se indican en el punto-3 de la Pol\u00edtica de Cookies (\u00ab\u00bfC\u00f3mo las utilizamos?\u00bb). Chaincorp utiliza sus propias cookies t\u00e9cnicas, porque son esenciales para utilizar todas las opciones y funcionalidades del sitio web. La base legal para el uso de las otras cookies es su consentimiento, que puede gestionar y revocar a trav\u00e9s del Panel de Configuraci\u00f3n de Cookies haciendo clic aqu\u00ed, o como se indica en el punto -4 (\u00ab\u00bfC\u00f3mo desactivar las cookies?\u00bb).<\/li>\n<\/ul>\n<ul class=\"list-unstyled\">\n<li aria-level=\"1\"><strong>6. Destinatarios de los Datos Personales<\/strong><\/li>\n<\/ul>\n<p>Chaincorp puede compartir sus datos personales con las entidades que se indican a continuaci\u00f3n:<\/p>\n<ol class=\"roman\">\n<li aria-level=\"1\">Los datos podr\u00e1n ser comunicados a las autoridades y organismos p\u00fablicos, para el cumplimiento de las obligaciones legales.<\/li>\n<li aria-level=\"1\">Sus datos personales podr\u00e1n ser tratados por proveedores, que actuar\u00e1n en nuestro nombre (como encargados del tratamiento) como consecuencia de su prestaci\u00f3n de servicios.<\/li>\n<li aria-level=\"1\">En cuanto a las cookies de terceros, le recordamos que estas cookies (i) pueden ser enviadas desde un dominio que no est\u00e9 gestionado por Chaincorp\u00a0 o (ii) pueden ser enviadas desde nuestro dominio, pero la informaci\u00f3n recogida es gestionada por el tercero.<\/li>\n<\/ol>\n<ul class=\"list-unstyled\">\n<li aria-level=\"1\"><strong>7. Transferencias Internacionales de Datos Personales<\/strong><\/li>\n<\/ul>\n<p>Los datos personales se procesan\u00a0 generalmente en el Espacio Econ\u00f3mico Europeo (en adelante, el EEE\u201d) o en pa\u00edses que garantizan un nivel adecuado de protecci\u00f3n de sus datos personales.<\/p>\n<p>En ciertas situaciones, podemos transferir sus datos personales fuera del EEE. En tales casos, garantizamos la seguridad y la legitimidad del procesamiento de los datos exigiendo a nuestros proveedores que cumplan con las garant\u00edas aplicables de acuerdo con la legislaci\u00f3n de protecci\u00f3n de datos (normas corporativas vinculantes, Private Shield- en caso de que el proveedor est\u00e9 ubicado en EE.UU.-, o\u00a0 cl\u00e1usulas contractuales tipo de protecci\u00f3n de datos adoptadas por la Comisi\u00f3n Europea).<b><\/b><\/p>\n<ul class=\"list-unstyled\">\n<li aria-level=\"1\"><strong>8. Periodo de retenci\u00f3n de datos<\/strong><\/li>\n<\/ul>\n<p>Los datos se tratar\u00e1n durante los per\u00edodos indicados en la secci\u00f3n 3 (\u00ab\u00bfC\u00f3mo los utilizamos?\u00bb) y siempre que los consentimientos sigan vigentes. De acuerdo con la normativa de protecci\u00f3n de datos, Chaincorp conservar\u00e1 sus datos personales durante todo el tiempo que la empresa los necesite para los fines para los que fueron recogidos, teniendo en cuenta las leyes locales y las obligaciones contractuales. Cuando ya no necesitemos dichos datos personales, los bloquearemos debidamente durante los plazos de prescripci\u00f3n y\/o retenci\u00f3n establecidos por la ley y s\u00f3lo podremos procesarlos para:<\/p>\n<ol class=\"roman\">\n<li aria-level=\"1\">Cumplir con las obligaciones legales que puedan ser aplicables; y<\/li>\n<li aria-level=\"1\">Poner los datos personales a disposici\u00f3n de las Administraciones P\u00fablicas, Juzgados y Tribunales competentes.<\/li>\n<\/ol>\n<p>Cuando esos periodos de retenci\u00f3n terminen, destruiremos f\u00edsicamente sus datos personales.<b><\/b><\/p>\n<ul class=\"list-unstyled\">\n<li aria-level=\"1\"><strong>9. Derechos de Protecci\u00f3n de Datos y Reclamaciones ante la Autoridad de Control<\/strong><\/li>\n<\/ul>\n<p>Puede ejercer sus derechos de datos personales (acceso, rectificaci\u00f3n y supresi\u00f3n, restricci\u00f3n del tratamiento, portabilidad de los datos) enviando una comunicaci\u00f3n al equipo de privacidad de Chaincorp facilitando una copia de un documento de identificaci\u00f3n personal:<\/p>\n<ul>\n<li aria-level=\"1\">Direcci\u00f3n postal de Chaincorp, S.L.: Calle Antonio Fuentes-27 Madrid-28043, Espa\u00f1a.<\/li>\n<li aria-level=\"1\">\n<p>Correo electr\u00f3nico de Chaincorp, S.L.: <strong><a href=\"mailto:lsa@chaincorp.com\">lsa@chaincorp.com<\/a><\/strong><\/p>\n<\/li>\n<\/ul>\n<p>Tambi\u00e9n puede ponerse en contacto con nuestro Delegado de Protecci\u00f3n de Datos en la direcci\u00f3n postal indicada anteriormente o por correo electr\u00f3nico en <strong><a href=\"mailto:lsa@chaincorp.com\">lsa@chaincorp.com<\/a><\/strong>.<\/p>\n<p>En cualquier caso, el interesado siempre podr\u00e1 ponerse en contacto con la autoridad competente en materia de protecci\u00f3n de datos, de conformidad con lo dispuesto en la legislaci\u00f3n aplicable.<br \/>\n<b><\/b><\/p>\n<ul class=\"list-unstyled\">\n<li aria-level=\"1\"><strong>10. Observaciones Adicionales<\/strong><\/li>\n<\/ul>\n<p>Los navegadores web son las plataformas encargadas de almacenar las cookies y desde ellos debe ejercer su derecho a eliminarlas o desactivarlas.<\/p>\n<p>Chaincorp no se responsabiliza de que la desactivaci\u00f3n de las cookies impida o dificulte el buen funcionamiento de la p\u00e1gina web, ni puede garantizar el correcto o incorrecto tratamiento de las mismas por parte de los citados navegadores.<\/p>\n<p>En algunos casos, es necesario que se instalen cookies para que el navegador no ignore su decisi\u00f3n previa de no aceptarlas.<b><\/b><\/p>\n<ul class=\"list-unstyled\">\n<li aria-level=\"1\"><strong>11. Actualizaci\u00f3n de la Pol\u00edtica de Cookies<\/strong><\/li>\n<\/ul>\n<p>Esta Pol\u00edtica de Cookies puede cambiar dependiendo de las cookies que utiliza Chaincorp o de c\u00f3mo las usamos.<\/p>\n<p>Chaincorp\u00a0 recomienda revisar este documento cada vez que el usuario acceda al sitio web para estar debidamente informado sobre c\u00f3mo y para qu\u00e9 utilizamos las cookies y para estar al tanto de cualquier cambio que pueda introducirse.<\/p>\n<p>La presente pol\u00edtica sobre cookies ha sido redactada de la forma m\u00e1s breve y clara posible, pero si necesita informaci\u00f3n adicional, puede ponerse en contacto con Chaincorp en cualquier momento. Para obtener informaci\u00f3n adicional, relacionada con el tratamiento de sus datos personales, por favor consulte nuestra Pol\u00edtica de Privacidad.<\/p>","protected":false},"excerpt":{"rendered":"<p>El sitio web de Chaincorp, S.L. en adelante \u201cChaincorp\u201d y sus dominios utilizan cookies (peque\u00f1os archivos de informaci\u00f3n que el servidor env\u00eda al ordenador de quien accede a p\u00e1gina) para el correcto funcionamiento y visualizaci\u00f3n de los sitios Web por parte del usuario, as\u00ed como la recogida de estad\u00edsticas. 1. \u00bfQu\u00e9 son las Cookies? Las cookies son peque\u00f1os archivos de [&hellip;]<\/p>\n","protected":false},"author":1,"featured_media":0,"parent":0,"menu_order":0,"comment_status":"closed","ping_status":"closed","template":"","meta":{"_acf_changed":false,"footnotes":""},"class_list":["post-52","page","type-page","status-publish","hentry"],"acf":[],"yoast_head":"<!-- This site is optimized with the Yoast SEO plugin v26.8 - https:\/\/yoast.com\/product\/yoast-seo-wordpress\/ -->\n<title>Pol\u00edtica de Cookies - Chaincorp<\/title>\n<meta name=\"robots\" content=\"index, follow, max-snippet:-1, max-image-preview:large, max-video-preview:-1\" \/>\n<link rel=\"canonical\" href=\"https:\/\/www.chaincorp.com\/es\/cookies-policy\/\" \/>\n<meta property=\"og:locale\" content=\"es_ES\" \/>\n<meta property=\"og:type\" content=\"article\" \/>\n<meta property=\"og:title\" content=\"[:en]Cookies Policy[:es]Pol\u00edtica de Cookies[:] - Chaincorp\" \/>\n<meta property=\"og:description\" content=\"El sitio web de Chaincorp, S.L. en adelante \u201cChaincorp\u201d y sus dominios utilizan cookies (peque\u00f1os archivos de informaci\u00f3n que el servidor env\u00eda al ordenador de quien accede a p\u00e1gina) para el correcto funcionamiento y visualizaci\u00f3n de los sitios Web por parte del usuario, as\u00ed como la recogida de estad\u00edsticas. 1. \u00bfQu\u00e9 son las Cookies? Las cookies son peque\u00f1os archivos de [&hellip;]\" \/>\n<meta property=\"og:url\" content=\"https:\/\/www.chaincorp.com\/es\/cookies-policy\/\" \/>\n<meta property=\"og:site_name\" content=\"Chaincorp\" \/>\n<meta property=\"article:modified_time\" content=\"2021-04-20T06:49:05+00:00\" \/>\n<meta name=\"twitter:card\" content=\"summary_large_image\" \/>\n<meta name=\"twitter:label1\" content=\"Tiempo de lectura\" \/>\n\t<meta name=\"twitter:data1\" content=\"7 minutos\" \/>\n<script type=\"application\/ld+json\" class=\"yoast-schema-graph\">{\"@context\":\"https:\/\/schema.org\",\"@graph\":[{\"@type\":\"WebPage\",\"@id\":\"https:\/\/www.chaincorp.com\/es\/cookies-policy\/\",\"url\":\"https:\/\/www.chaincorp.com\/es\/cookies-policy\/\",\"name\":\"[:en]Cookies Policy[:es]Pol\u00edtica de Cookies[:] - Chaincorp\",\"isPartOf\":{\"@id\":\"https:\/\/www.chaincorp.com\/#website\"},\"datePublished\":\"2021-03-01T13:19:51+00:00\",\"dateModified\":\"2021-04-20T06:49:05+00:00\",\"breadcrumb\":{\"@id\":\"https:\/\/www.chaincorp.com\/es\/cookies-policy\/#breadcrumb\"},\"inLanguage\":\"es\",\"potentialAction\":[{\"@type\":\"ReadAction\",\"target\":[\"https:\/\/www.chaincorp.com\/es\/cookies-policy\/\"]}]},{\"@type\":\"BreadcrumbList\",\"@id\":\"https:\/\/www.chaincorp.com\/es\/cookies-policy\/#breadcrumb\",\"itemListElement\":[{\"@type\":\"ListItem\",\"position\":1,\"name\":\"Home\",\"item\":\"https:\/\/www.chaincorp.com\/\"},{\"@type\":\"ListItem\",\"position\":2,\"name\":\"Pol\u00edtica de Cookies\"}]},{\"@type\":\"WebSite\",\"@id\":\"https:\/\/www.chaincorp.com\/#website\",\"url\":\"https:\/\/www.chaincorp.com\/\",\"name\":\"Chaincorp\",\"description\":\"Family Office\",\"potentialAction\":[{\"@type\":\"SearchAction\",\"target\":{\"@type\":\"EntryPoint\",\"urlTemplate\":\"https:\/\/www.chaincorp.com\/?s={search_term_string}\"},\"query-input\":{\"@type\":\"PropertyValueSpecification\",\"valueRequired\":true,\"valueName\":\"search_term_string\"}}],\"inLanguage\":\"es\"}]}<\/script>\n<!-- \/ Yoast SEO plugin. -->","yoast_head_json":{"title":"[:en]Cookies Policy[:es]Pol\u00edtica de Cookies[:] - Chaincorp","robots":{"index":"index","follow":"follow","max-snippet":"max-snippet:-1","max-image-preview":"max-image-preview:large","max-video-preview":"max-video-preview:-1"},"canonical":"https:\/\/www.chaincorp.com\/es\/cookies-policy\/","og_locale":"es_ES","og_type":"article","og_title":"[:en]Cookies Policy[:es]Pol\u00edtica de Cookies[:] - Chaincorp","og_description":"El sitio web de Chaincorp, S.L. en adelante \u201cChaincorp\u201d y sus dominios utilizan cookies (peque\u00f1os archivos de informaci\u00f3n que el servidor env\u00eda al ordenador de quien accede a p\u00e1gina) para el correcto funcionamiento y visualizaci\u00f3n de los sitios Web por parte del usuario, as\u00ed como la recogida de estad\u00edsticas. 1. \u00bfQu\u00e9 son las Cookies? Las cookies son peque\u00f1os archivos de [&hellip;]","og_url":"https:\/\/www.chaincorp.com\/es\/cookies-policy\/","og_site_name":"Chaincorp","article_modified_time":"2021-04-20T06:49:05+00:00","twitter_card":"summary_large_image","twitter_misc":{"Tiempo de lectura":"7 minutos"},"schema":{"@context":"https:\/\/schema.org","@graph":[{"@type":"WebPage","@id":"https:\/\/www.chaincorp.com\/es\/cookies-policy\/","url":"https:\/\/www.chaincorp.com\/es\/cookies-policy\/","name":"[:en]Cookies Policy[:es]Pol\u00edtica de Cookies[:] - Chaincorp","isPartOf":{"@id":"https:\/\/www.chaincorp.com\/#website"},"datePublished":"2021-03-01T13:19:51+00:00","dateModified":"2021-04-20T06:49:05+00:00","breadcrumb":{"@id":"https:\/\/www.chaincorp.com\/es\/cookies-policy\/#breadcrumb"},"inLanguage":"es","potentialAction":[{"@type":"ReadAction","target":["https:\/\/www.chaincorp.com\/es\/cookies-policy\/"]}]},{"@type":"BreadcrumbList","@id":"https:\/\/www.chaincorp.com\/es\/cookies-policy\/#breadcrumb","itemListElement":[{"@type":"ListItem","position":1,"name":"Home","item":"https:\/\/www.chaincorp.com\/"},{"@type":"ListItem","position":2,"name":"Pol\u00edtica de Cookies"}]},{"@type":"WebSite","@id":"https:\/\/www.chaincorp.com\/#website","url":"https:\/\/www.chaincorp.com\/","name":"Chaincorp","description":"Family Office","potentialAction":[{"@type":"SearchAction","target":{"@type":"EntryPoint","urlTemplate":"https:\/\/www.chaincorp.com\/?s={search_term_string}"},"query-input":{"@type":"PropertyValueSpecification","valueRequired":true,"valueName":"search_term_string"}}],"inLanguage":"es"}]}},"_links":{"self":[{"href":"https:\/\/www.chaincorp.com\/es\/wp-json\/wp\/v2\/pages\/52","targetHints":{"allow":["GET"]}}],"collection":[{"href":"https:\/\/www.chaincorp.com\/es\/wp-json\/wp\/v2\/pages"}],"about":[{"href":"https:\/\/www.chaincorp.com\/es\/wp-json\/wp\/v2\/types\/page"}],"author":[{"embeddable":true,"href":"https:\/\/www.chaincorp.com\/es\/wp-json\/wp\/v2\/users\/1"}],"replies":[{"embeddable":true,"href":"https:\/\/www.chaincorp.com\/es\/wp-json\/wp\/v2\/comments?post=52"}],"version-history":[{"count":22,"href":"https:\/\/www.chaincorp.com\/es\/wp-json\/wp\/v2\/pages\/52\/revisions"}],"predecessor-version":[{"id":475,"href":"https:\/\/www.chaincorp.com\/es\/wp-json\/wp\/v2\/pages\/52\/revisions\/475"}],"wp:attachment":[{"href":"https:\/\/www.chaincorp.com\/es\/wp-json\/wp\/v2\/media?parent=52"}],"curies":[{"name":"wp","href":"https:\/\/api.w.org\/{rel}","templated":true}]}}