{"id":9,"date":"2021-03-01T09:45:21","date_gmt":"2021-03-01T09:45:21","guid":{"rendered":"http:\/\/chaincorp.com\/?page_id=9"},"modified":"2021-04-15T11:24:36","modified_gmt":"2021-04-15T11:24:36","slug":"about-us","status":"publish","type":"page","link":"https:\/\/www.chaincorp.com\/es\/about-us\/","title":{"rendered":"Sobre Nosotros"},"content":{"rendered":"<p>Chaincorp Family Office (\u201cChaincorp\u201d) es una empresa privada constituida en 1995 para gestionar exclusivamente los activos de la familia Chainani.<\/p>\n<p>El esp\u00edritu emprendedor de la familia Chainani fue iniciado por el difunto Honorable Sr. Bodanmal Chabaldas Chainani, desde muy joven un emprendedor, que se hizo a s\u00ed mismo, originario de la aldea de Hala Purana, Sindh (antes en la India indivisa). Desde su juventud se dio cuenta que los negocios se trataban de detectar oportunidades y aprovecharlas, dondequiera que surjan. A principios de 1900, viaj\u00f3 a una ciudad portuaria muy comercial, Tetu\u00e1n &#8211; Marruecos, donde r\u00e1pidamente aprendi\u00f3 los entresijos de los negocios. En 1915, el viaje empresarial continu\u00f3 hacia Espa\u00f1a, donde abri\u00f3 establecimientos minoristas en Ceuta y Melilla -y se expandi\u00f3 en Tetu\u00e1n y T\u00e1nger (Marruecos).<\/p>\n<p>Hoy, la Familia Chainani a trav\u00e9s de Chaincorp, invierte principalmente en los siguientes sectores: Inmobiliario, (TMT) Telecomunicaciones, Medios y Tecnolog\u00eda, Energ\u00edas Renovables, Start-Ups y en Mercados Financieros.<\/p>\n<p>El know \u2013 how adquirido durante generaciones de empresarios en la familia, ha permitido evolucionar el  modelo de gesti\u00f3n, buscando esencialmente obtener una rentabilidad razonable con un nivel de riesgo acotado. El objetivo principal del  modelo de gesti\u00f3n es la preservaci\u00f3n del patrimonio y del negocio familiar y su desarrollo a trav\u00e9s de las siguientes generaciones.<\/p>\n<p>Chaincorp ha tenido la fortuna de formar un excelente equipo de profesionales totalmente comprometidos, con la misma cultura, rigor, valores y entusiasmo. Con esfuerzo, dedicaci\u00f3n e ilusi\u00f3n se consigue alcanzar los objetivos propuestos y cosechar grandes \u00e9xitos<br \/>\n<\/p>","protected":false},"excerpt":{"rendered":"<p>Chaincorp Family Office (\u201cChaincorp\u201d) es una empresa privada constituida en 1995 para gestionar exclusivamente los activos de la familia Chainani. El esp\u00edritu emprendedor de la familia Chainani fue iniciado por el difunto Honorable Sr. Bodanmal Chabaldas Chainani, desde muy joven un emprendedor, que se hizo a s\u00ed mismo, originario de la aldea de Hala Purana, Sindh (antes en la India [&hellip;]<\/p>\n","protected":false},"author":1,"featured_media":0,"parent":0,"menu_order":0,"comment_status":"closed","ping_status":"closed","template":"about.php","meta":{"_acf_changed":false,"footnotes":""},"class_list":["post-9","page","type-page","status-publish","hentry"],"acf":[],"yoast_head":"<!-- This site is optimized with the Yoast SEO plugin v26.8 - https:\/\/yoast.com\/product\/yoast-seo-wordpress\/ -->\n<title>Sobre Nosotros - Chaincorp<\/title>\n<meta name=\"robots\" content=\"index, follow, max-snippet:-1, max-image-preview:large, max-video-preview:-1\" \/>\n<link rel=\"canonical\" href=\"https:\/\/www.chaincorp.com\/about-us\/\" \/>\n<meta property=\"og:locale\" content=\"es_ES\" \/>\n<meta property=\"og:type\" content=\"article\" \/>\n<meta property=\"og:title\" content=\"[:en]About Us[:es]Sobre Nosotros[:] - Chaincorp\" \/>\n<meta property=\"og:description\" content=\"Chaincorp Family Office (\u201cChaincorp\u201d) es una empresa privada constituida en 1995 para gestionar exclusivamente los activos de la familia Chainani. El esp\u00edritu emprendedor de la familia Chainani fue iniciado por el difunto Honorable Sr. Bodanmal Chabaldas Chainani, desde muy joven un emprendedor, que se hizo a s\u00ed mismo, originario de la aldea de Hala Purana, Sindh (antes en la India [&hellip;]\" \/>\n<meta property=\"og:url\" content=\"https:\/\/www.chaincorp.com\/about-us\/\" \/>\n<meta property=\"og:site_name\" content=\"Chaincorp\" \/>\n<meta property=\"article:modified_time\" content=\"2021-04-15T11:24:36+00:00\" \/>\n<meta name=\"twitter:card\" content=\"summary_large_image\" \/>\n<meta name=\"twitter:label1\" content=\"Tiempo de lectura\" \/>\n\t<meta name=\"twitter:data1\" content=\"2 minutos\" \/>\n<script type=\"application\/ld+json\" class=\"yoast-schema-graph\">{\"@context\":\"https:\/\/schema.org\",\"@graph\":[{\"@type\":\"WebPage\",\"@id\":\"https:\/\/www.chaincorp.com\/about-us\/\",\"url\":\"https:\/\/www.chaincorp.com\/about-us\/\",\"name\":\"[:en]About Us[:es]Sobre Nosotros[:] - Chaincorp\",\"isPartOf\":{\"@id\":\"https:\/\/www.chaincorp.com\/#website\"},\"datePublished\":\"2021-03-01T09:45:21+00:00\",\"dateModified\":\"2021-04-15T11:24:36+00:00\",\"breadcrumb\":{\"@id\":\"https:\/\/www.chaincorp.com\/about-us\/#breadcrumb\"},\"inLanguage\":\"es\",\"potentialAction\":[{\"@type\":\"ReadAction\",\"target\":[\"https:\/\/www.chaincorp.com\/about-us\/\"]}]},{\"@type\":\"BreadcrumbList\",\"@id\":\"https:\/\/www.chaincorp.com\/about-us\/#breadcrumb\",\"itemListElement\":[{\"@type\":\"ListItem\",\"position\":1,\"name\":\"Home\",\"item\":\"https:\/\/www.chaincorp.com\/\"},{\"@type\":\"ListItem\",\"position\":2,\"name\":\"About Us\"}]},{\"@type\":\"WebSite\",\"@id\":\"https:\/\/www.chaincorp.com\/#website\",\"url\":\"https:\/\/www.chaincorp.com\/\",\"name\":\"Chaincorp\",\"description\":\"Family Office\",\"potentialAction\":[{\"@type\":\"SearchAction\",\"target\":{\"@type\":\"EntryPoint\",\"urlTemplate\":\"https:\/\/www.chaincorp.com\/?s={search_term_string}\"},\"query-input\":{\"@type\":\"PropertyValueSpecification\",\"valueRequired\":true,\"valueName\":\"search_term_string\"}}],\"inLanguage\":\"es\"}]}<\/script>\n<!-- \/ Yoast SEO plugin. -->","yoast_head_json":{"title":"[:en]About Us[:es]Sobre Nosotros[:] - Chaincorp","robots":{"index":"index","follow":"follow","max-snippet":"max-snippet:-1","max-image-preview":"max-image-preview:large","max-video-preview":"max-video-preview:-1"},"canonical":"https:\/\/www.chaincorp.com\/about-us\/","og_locale":"es_ES","og_type":"article","og_title":"[:en]About Us[:es]Sobre Nosotros[:] - Chaincorp","og_description":"Chaincorp Family Office (\u201cChaincorp\u201d) es una empresa privada constituida en 1995 para gestionar exclusivamente los activos de la familia Chainani. El esp\u00edritu emprendedor de la familia Chainani fue iniciado por el difunto Honorable Sr. Bodanmal Chabaldas Chainani, desde muy joven un emprendedor, que se hizo a s\u00ed mismo, originario de la aldea de Hala Purana, Sindh (antes en la India [&hellip;]","og_url":"https:\/\/www.chaincorp.com\/about-us\/","og_site_name":"Chaincorp","article_modified_time":"2021-04-15T11:24:36+00:00","twitter_card":"summary_large_image","twitter_misc":{"Tiempo de lectura":"2 minutos"},"schema":{"@context":"https:\/\/schema.org","@graph":[{"@type":"WebPage","@id":"https:\/\/www.chaincorp.com\/about-us\/","url":"https:\/\/www.chaincorp.com\/about-us\/","name":"[:en]About Us[:es]Sobre Nosotros[:] - Chaincorp","isPartOf":{"@id":"https:\/\/www.chaincorp.com\/#website"},"datePublished":"2021-03-01T09:45:21+00:00","dateModified":"2021-04-15T11:24:36+00:00","breadcrumb":{"@id":"https:\/\/www.chaincorp.com\/about-us\/#breadcrumb"},"inLanguage":"es","potentialAction":[{"@type":"ReadAction","target":["https:\/\/www.chaincorp.com\/about-us\/"]}]},{"@type":"BreadcrumbList","@id":"https:\/\/www.chaincorp.com\/about-us\/#breadcrumb","itemListElement":[{"@type":"ListItem","position":1,"name":"Home","item":"https:\/\/www.chaincorp.com\/"},{"@type":"ListItem","position":2,"name":"About Us"}]},{"@type":"WebSite","@id":"https:\/\/www.chaincorp.com\/#website","url":"https:\/\/www.chaincorp.com\/","name":"Chaincorp","description":"Family Office","potentialAction":[{"@type":"SearchAction","target":{"@type":"EntryPoint","urlTemplate":"https:\/\/www.chaincorp.com\/?s={search_term_string}"},"query-input":{"@type":"PropertyValueSpecification","valueRequired":true,"valueName":"search_term_string"}}],"inLanguage":"es"}]}},"_links":{"self":[{"href":"https:\/\/www.chaincorp.com\/es\/wp-json\/wp\/v2\/pages\/9","targetHints":{"allow":["GET"]}}],"collection":[{"href":"https:\/\/www.chaincorp.com\/es\/wp-json\/wp\/v2\/pages"}],"about":[{"href":"https:\/\/www.chaincorp.com\/es\/wp-json\/wp\/v2\/types\/page"}],"author":[{"embeddable":true,"href":"https:\/\/www.chaincorp.com\/es\/wp-json\/wp\/v2\/users\/1"}],"replies":[{"embeddable":true,"href":"https:\/\/www.chaincorp.com\/es\/wp-json\/wp\/v2\/comments?post=9"}],"version-history":[{"count":23,"href":"https:\/\/www.chaincorp.com\/es\/wp-json\/wp\/v2\/pages\/9\/revisions"}],"predecessor-version":[{"id":470,"href":"https:\/\/www.chaincorp.com\/es\/wp-json\/wp\/v2\/pages\/9\/revisions\/470"}],"wp:attachment":[{"href":"https:\/\/www.chaincorp.com\/es\/wp-json\/wp\/v2\/media?parent=9"}],"curies":[{"name":"wp","href":"https:\/\/api.w.org\/{rel}","templated":true}]}}